{"id":492,"date":"2020-09-27T17:13:55","date_gmt":"2020-09-27T15:13:55","guid":{"rendered":"http:\/\/ghisa.kina.it\/?post_type=product&#038;p=492"},"modified":"2024-12-03T09:43:21","modified_gmt":"2024-12-03T08:43:21","slug":"fornellone-in-ghisa-elios-wok","status":"publish","type":"product","link":"https:\/\/www.ghisanativa.com\/it\/product\/fornellone-in-ghisa-elios-wok\/","title":{"rendered":"Fornellone in ghisa  <span class=\"subtitle\">Elios Wok<\/span>"},"content":{"rendered":"<p><strong>Caratteristiche:<\/strong><\/p>\n<ul>\n<li>Codice Prodotto: <strong>FF.1102<\/strong><\/li>\n<li>Diametro 49 cm \u2013 Altezza 28.8 cm \u2013 Larghezza 45 cm \u2013 Chilogrammi 30.6<\/li>\n<li>Struttura realizzata in ghisa smaltata antiacido<\/li>\n<li>Ha un bruciatore da 9 kW con sparti fiamma a doppia corona in ottone<\/li>\n<li>Ha un anello di supporto per pentole wok con diametro minimo di 30 cm<\/li>\n<li>Ha un\u2019accensione professionale con fiamma pilota e sistema di sicurezza<\/li>\n<li>\u00c8 predisposto per gas, GPL, metano<\/li>\n<li>Il modello \u00e8 registrato<\/li>\n<li>Ideale per cotture superlative<\/li>\n<li>Ad uso professionale<\/li>\n<li>Made in Italy<\/li>\n<\/ul>\n<p>&nbsp;<\/p>\n<p><a href=\"https:\/\/www.ghisanativa.com\/wp-content\/uploads\/2020\/09\/certificato-CE-Elios-2020.pdf\" target=\"_blank\" rel=\"noopener noreferrer\"><img decoding=\"async\" class=\"alignnone wp-image-2373\" role=\"img\" src=\"https:\/\/www.ghisanativa.com\/wp-content\/uploads\/2020\/09\/logoIMQ.svg\" alt=\"\" width=\"130\" height=\"66\" \/><\/a><\/p>\n<div class=\"bianco\"><button class=\"btn-ce\"><a href=\"https:\/\/www.ghisanativa.com\/wp-content\/uploads\/2020\/09\/certificato-CE-Elios-2020.pdf\">Certificato CE<\/a><\/button><\/div>\n","protected":false},"excerpt":{"rendered":"<p><strong>Fornellone a gas concepito per le cotture a wok dotabile di elegante carrello in ghisa per trasportare la bombola.<\/strong><\/p>\n<p>Il fornellone o bruciatore carrellabile in ghisanativa \u00e8 appositamente concepito per le cotture in wok. \u00c8 un dispositivo potentissimo perch\u00e9 concepito per i cultori della cucina etnico-fusion. \u00c8 dotato di una corona ad alta efficienza con fiamma verticale progettata per abbracciare il fondo del tegame ed eliminare le zone-morte. Indispensabile per <strong>le fritture, le affumicature, le cotture a vapore.<\/strong><br \/>\nImmaginalo a bordo piscina o nel tuo patio di casa o immerso nel verde. \u00c8 ideale per chi cucina a vista o per i professionisti del catering. Facile da trasportare ed estremamente versatile in ogni situazione lavorativa, offre una grande stabilit\u00e0 associata a una perfetta ergonomia e a un design inimitabile.<\/p>\n<p>&nbsp;<\/p>\n<p>&nbsp;<\/p>\n<p><strong>Accessori:<\/strong><\/p>\n<p>Con l&#8217;acquisto di questo prodotto, Ghisanativa d\u00e0 l&#8217;opportunit\u00e0 di scegliere un omaggio! Ti baster\u00e0 aggiungere al carrello questo prodotto per scoprire subito fra quali fantastici prodotti potrai scegliere.<\/p>\n","protected":false},"featured_media":2161,"comment_status":"closed","ping_status":"closed","template":"","meta":{"_acf_changed":false},"product_cat":[41,39],"product_tag":[],"class_list":{"0":"post-492","1":"product","2":"type-product","3":"status-publish","4":"has-post-thumbnail","6":"product_cat-fornelloni-a-gas","7":"product_cat-fornelloni-in-ghisa","9":"first","10":"outofstock","11":"taxable","12":"shipping-taxable","13":"purchasable","14":"product-type-simple"},"acf":[],"yoast_head":"<!-- This site is optimized with the Yoast SEO plugin v24.0 - https:\/\/yoast.com\/wordpress\/plugins\/seo\/ -->\n<title>Fornellone in ghisa Elios Wok - Ghisanativa<\/title>\n<meta name=\"robots\" content=\"index, follow, max-snippet:-1, max-image-preview:large, max-video-preview:-1\" \/>\n<link rel=\"canonical\" href=\"https:\/\/www.ghisanativa.com\/it\/product\/fornellone-in-ghisa-elios-wok\/\" \/>\n<meta property=\"og:locale\" content=\"it_IT\" \/>\n<meta property=\"og:type\" content=\"article\" \/>\n<meta property=\"og:title\" content=\"Fornellone in ghisa Elios Wok - Ghisanativa\" \/>\n<meta property=\"og:description\" content=\"Fornellone a gas concepito per le cotture a wok dotabile di elegante carrello in ghisa per trasportare la bombola.  Il fornellone o bruciatore carrellabile in ghisanativa \u00e8 appositamente concepito per le cotture in wok. \u00c8 un dispositivo potentissimo perch\u00e9 concepito per i cultori della cucina etnico-fusion. \u00c8 dotato di una corona ad alta efficienza con fiamma verticale progettata per abbracciare il fondo del tegame ed eliminare le zone-morte. Indispensabile per le fritture, le affumicature, le cotture a vapore. Immaginalo a bordo piscina o nel tuo patio di casa o immerso nel verde. \u00c8 ideale per chi cucina a vista o per i professionisti del catering. Facile da trasportare ed estremamente versatile in ogni situazione lavorativa, offre una grande stabilit\u00e0 associata a una perfetta ergonomia e a un design inimitabile.  &nbsp;  &nbsp;  Accessori:  Con l&#039;acquisto di questo prodotto, Ghisanativa d\u00e0 l&#039;opportunit\u00e0 di scegliere un omaggio! Ti baster\u00e0 aggiungere al carrello questo prodotto per scoprire subito fra quali fantastici prodotti potrai scegliere.\" \/>\n<meta property=\"og:url\" content=\"https:\/\/www.ghisanativa.com\/it\/product\/fornellone-in-ghisa-elios-wok\/\" \/>\n<meta property=\"og:site_name\" content=\"Ghisanativa\" \/>\n<meta property=\"article:modified_time\" content=\"2024-12-03T08:43:21+00:00\" \/>\n<meta property=\"og:image\" content=\"https:\/\/www.ghisanativa.com\/wp-content\/uploads\/2020\/09\/ghisanativa-fornellone-ghisa-elios-wok.jpg\" \/>\n\t<meta property=\"og:image:width\" content=\"1500\" \/>\n\t<meta property=\"og:image:height\" content=\"1500\" \/>\n\t<meta property=\"og:image:type\" content=\"image\/jpeg\" \/>\n<meta name=\"twitter:card\" content=\"summary_large_image\" \/>\n<script type=\"application\/ld+json\" class=\"yoast-schema-graph\">{\"@context\":\"https:\/\/schema.org\",\"@graph\":[{\"@type\":\"WebPage\",\"@id\":\"https:\/\/www.ghisanativa.com\/it\/product\/fornellone-in-ghisa-elios-wok\/\",\"url\":\"https:\/\/www.ghisanativa.com\/it\/product\/fornellone-in-ghisa-elios-wok\/\",\"name\":\"Fornellone in ghisa Elios Wok - Ghisanativa\",\"isPartOf\":{\"@id\":\"https:\/\/www.ghisanativa.com\/it\/#website\"},\"primaryImageOfPage\":{\"@id\":\"https:\/\/www.ghisanativa.com\/it\/product\/fornellone-in-ghisa-elios-wok\/#primaryimage\"},\"image\":{\"@id\":\"https:\/\/www.ghisanativa.com\/it\/product\/fornellone-in-ghisa-elios-wok\/#primaryimage\"},\"thumbnailUrl\":\"https:\/\/www.ghisanativa.com\/wp-content\/uploads\/2020\/09\/ghisanativa-fornellone-ghisa-elios-wok.jpg\",\"datePublished\":\"2020-09-27T15:13:55+00:00\",\"dateModified\":\"2024-12-03T08:43:21+00:00\",\"breadcrumb\":{\"@id\":\"https:\/\/www.ghisanativa.com\/it\/product\/fornellone-in-ghisa-elios-wok\/#breadcrumb\"},\"inLanguage\":\"it-IT\",\"potentialAction\":[{\"@type\":\"ReadAction\",\"target\":[\"https:\/\/www.ghisanativa.com\/it\/product\/fornellone-in-ghisa-elios-wok\/\"]}]},{\"@type\":\"ImageObject\",\"inLanguage\":\"it-IT\",\"@id\":\"https:\/\/www.ghisanativa.com\/it\/product\/fornellone-in-ghisa-elios-wok\/#primaryimage\",\"url\":\"https:\/\/www.ghisanativa.com\/wp-content\/uploads\/2020\/09\/ghisanativa-fornellone-ghisa-elios-wok.jpg\",\"contentUrl\":\"https:\/\/www.ghisanativa.com\/wp-content\/uploads\/2020\/09\/ghisanativa-fornellone-ghisa-elios-wok.jpg\",\"width\":1500,\"height\":1500},{\"@type\":\"BreadcrumbList\",\"@id\":\"https:\/\/www.ghisanativa.com\/it\/product\/fornellone-in-ghisa-elios-wok\/#breadcrumb\",\"itemListElement\":[{\"@type\":\"ListItem\",\"position\":1,\"name\":\"Ghisanativa\",\"item\":\"https:\/\/www.ghisanativa.com\/it\/\"},{\"@type\":\"ListItem\",\"position\":2,\"name\":\"Shop\",\"item\":\"https:\/\/www.ghisanativa.com\/it\/shop\/\"},{\"@type\":\"ListItem\",\"position\":3,\"name\":\"Fornellone in ghisa Elios Wok\"}]},{\"@type\":\"WebSite\",\"@id\":\"https:\/\/www.ghisanativa.com\/it\/#website\",\"url\":\"https:\/\/www.ghisanativa.com\/it\/\",\"name\":\"Ghisanativa\",\"description\":\"Pentole, piastre, griglie e bruciatori in ghisa nuda antiaderenti\",\"publisher\":{\"@id\":\"https:\/\/www.ghisanativa.com\/it\/#organization\"},\"potentialAction\":[{\"@type\":\"SearchAction\",\"target\":{\"@type\":\"EntryPoint\",\"urlTemplate\":\"https:\/\/www.ghisanativa.com\/it\/?s={search_term_string}\"},\"query-input\":{\"@type\":\"PropertyValueSpecification\",\"valueRequired\":true,\"valueName\":\"search_term_string\"}}],\"inLanguage\":\"it-IT\"},{\"@type\":\"Organization\",\"@id\":\"https:\/\/www.ghisanativa.com\/it\/#organization\",\"name\":\"Fonderia Finco\",\"url\":\"https:\/\/www.ghisanativa.com\/it\/\",\"logo\":{\"@type\":\"ImageObject\",\"inLanguage\":\"it-IT\",\"@id\":\"https:\/\/www.ghisanativa.com\/it\/#\/schema\/logo\/image\/\",\"url\":\"https:\/\/www.ghisanativa.com\/wp-content\/uploads\/2020\/08\/fonderia-finco.png\",\"contentUrl\":\"https:\/\/www.ghisanativa.com\/wp-content\/uploads\/2020\/08\/fonderia-finco.png\",\"width\":143,\"height\":46,\"caption\":\"Fonderia Finco\"},\"image\":{\"@id\":\"https:\/\/www.ghisanativa.com\/it\/#\/schema\/logo\/image\/\"}}]}<\/script>\n<!-- \/ Yoast SEO plugin. -->","yoast_head_json":{"title":"Fornellone in ghisa Elios Wok - Ghisanativa","robots":{"index":"index","follow":"follow","max-snippet":"max-snippet:-1","max-image-preview":"max-image-preview:large","max-video-preview":"max-video-preview:-1"},"canonical":"https:\/\/www.ghisanativa.com\/it\/product\/fornellone-in-ghisa-elios-wok\/","og_locale":"it_IT","og_type":"article","og_title":"Fornellone in ghisa Elios Wok - Ghisanativa","og_description":"Fornellone a gas concepito per le cotture a wok dotabile di elegante carrello in ghisa per trasportare la bombola.  Il fornellone o bruciatore carrellabile in ghisanativa \u00e8 appositamente concepito per le cotture in wok. \u00c8 un dispositivo potentissimo perch\u00e9 concepito per i cultori della cucina etnico-fusion. \u00c8 dotato di una corona ad alta efficienza con fiamma verticale progettata per abbracciare il fondo del tegame ed eliminare le zone-morte. Indispensabile per le fritture, le affumicature, le cotture a vapore. Immaginalo a bordo piscina o nel tuo patio di casa o immerso nel verde. \u00c8 ideale per chi cucina a vista o per i professionisti del catering. Facile da trasportare ed estremamente versatile in ogni situazione lavorativa, offre una grande stabilit\u00e0 associata a una perfetta ergonomia e a un design inimitabile.  &nbsp;  &nbsp;  Accessori:  Con l'acquisto di questo prodotto, Ghisanativa d\u00e0 l'opportunit\u00e0 di scegliere un omaggio! Ti baster\u00e0 aggiungere al carrello questo prodotto per scoprire subito fra quali fantastici prodotti potrai scegliere.","og_url":"https:\/\/www.ghisanativa.com\/it\/product\/fornellone-in-ghisa-elios-wok\/","og_site_name":"Ghisanativa","article_modified_time":"2024-12-03T08:43:21+00:00","og_image":[{"width":1500,"height":1500,"url":"https:\/\/www.ghisanativa.com\/wp-content\/uploads\/2020\/09\/ghisanativa-fornellone-ghisa-elios-wok.jpg","type":"image\/jpeg"}],"twitter_card":"summary_large_image","schema":{"@context":"https:\/\/schema.org","@graph":[{"@type":"WebPage","@id":"https:\/\/www.ghisanativa.com\/it\/product\/fornellone-in-ghisa-elios-wok\/","url":"https:\/\/www.ghisanativa.com\/it\/product\/fornellone-in-ghisa-elios-wok\/","name":"Fornellone in ghisa Elios Wok - Ghisanativa","isPartOf":{"@id":"https:\/\/www.ghisanativa.com\/it\/#website"},"primaryImageOfPage":{"@id":"https:\/\/www.ghisanativa.com\/it\/product\/fornellone-in-ghisa-elios-wok\/#primaryimage"},"image":{"@id":"https:\/\/www.ghisanativa.com\/it\/product\/fornellone-in-ghisa-elios-wok\/#primaryimage"},"thumbnailUrl":"https:\/\/www.ghisanativa.com\/wp-content\/uploads\/2020\/09\/ghisanativa-fornellone-ghisa-elios-wok.jpg","datePublished":"2020-09-27T15:13:55+00:00","dateModified":"2024-12-03T08:43:21+00:00","breadcrumb":{"@id":"https:\/\/www.ghisanativa.com\/it\/product\/fornellone-in-ghisa-elios-wok\/#breadcrumb"},"inLanguage":"it-IT","potentialAction":[{"@type":"ReadAction","target":["https:\/\/www.ghisanativa.com\/it\/product\/fornellone-in-ghisa-elios-wok\/"]}]},{"@type":"ImageObject","inLanguage":"it-IT","@id":"https:\/\/www.ghisanativa.com\/it\/product\/fornellone-in-ghisa-elios-wok\/#primaryimage","url":"https:\/\/www.ghisanativa.com\/wp-content\/uploads\/2020\/09\/ghisanativa-fornellone-ghisa-elios-wok.jpg","contentUrl":"https:\/\/www.ghisanativa.com\/wp-content\/uploads\/2020\/09\/ghisanativa-fornellone-ghisa-elios-wok.jpg","width":1500,"height":1500},{"@type":"BreadcrumbList","@id":"https:\/\/www.ghisanativa.com\/it\/product\/fornellone-in-ghisa-elios-wok\/#breadcrumb","itemListElement":[{"@type":"ListItem","position":1,"name":"Ghisanativa","item":"https:\/\/www.ghisanativa.com\/it\/"},{"@type":"ListItem","position":2,"name":"Shop","item":"https:\/\/www.ghisanativa.com\/it\/shop\/"},{"@type":"ListItem","position":3,"name":"Fornellone in ghisa Elios Wok"}]},{"@type":"WebSite","@id":"https:\/\/www.ghisanativa.com\/it\/#website","url":"https:\/\/www.ghisanativa.com\/it\/","name":"Ghisanativa","description":"Pentole, piastre, griglie e bruciatori in ghisa nuda antiaderenti","publisher":{"@id":"https:\/\/www.ghisanativa.com\/it\/#organization"},"potentialAction":[{"@type":"SearchAction","target":{"@type":"EntryPoint","urlTemplate":"https:\/\/www.ghisanativa.com\/it\/?s={search_term_string}"},"query-input":{"@type":"PropertyValueSpecification","valueRequired":true,"valueName":"search_term_string"}}],"inLanguage":"it-IT"},{"@type":"Organization","@id":"https:\/\/www.ghisanativa.com\/it\/#organization","name":"Fonderia Finco","url":"https:\/\/www.ghisanativa.com\/it\/","logo":{"@type":"ImageObject","inLanguage":"it-IT","@id":"https:\/\/www.ghisanativa.com\/it\/#\/schema\/logo\/image\/","url":"https:\/\/www.ghisanativa.com\/wp-content\/uploads\/2020\/08\/fonderia-finco.png","contentUrl":"https:\/\/www.ghisanativa.com\/wp-content\/uploads\/2020\/08\/fonderia-finco.png","width":143,"height":46,"caption":"Fonderia Finco"},"image":{"@id":"https:\/\/www.ghisanativa.com\/it\/#\/schema\/logo\/image\/"}}]}},"_links":{"self":[{"href":"https:\/\/www.ghisanativa.com\/it\/wp-json\/wp\/v2\/product\/492","targetHints":{"allow":["GET"]}}],"collection":[{"href":"https:\/\/www.ghisanativa.com\/it\/wp-json\/wp\/v2\/product"}],"about":[{"href":"https:\/\/www.ghisanativa.com\/it\/wp-json\/wp\/v2\/types\/product"}],"replies":[{"embeddable":true,"href":"https:\/\/www.ghisanativa.com\/it\/wp-json\/wp\/v2\/comments?post=492"}],"wp:featuredmedia":[{"embeddable":true,"href":"https:\/\/www.ghisanativa.com\/it\/wp-json\/wp\/v2\/media\/2161"}],"wp:attachment":[{"href":"https:\/\/www.ghisanativa.com\/it\/wp-json\/wp\/v2\/media?parent=492"}],"wp:term":[{"taxonomy":"product_cat","embeddable":true,"href":"https:\/\/www.ghisanativa.com\/it\/wp-json\/wp\/v2\/product_cat?post=492"},{"taxonomy":"product_tag","embeddable":true,"href":"https:\/\/www.ghisanativa.com\/it\/wp-json\/wp\/v2\/product_tag?post=492"}],"curies":[{"name":"wp","href":"https:\/\/api.w.org\/{rel}","templated":true}]}}