{"id":471,"date":"2020-09-12T12:32:47","date_gmt":"2020-09-12T10:32:47","guid":{"rendered":"http:\/\/ghisa.kina.it\/?post_type=product&#038;p=471"},"modified":"2023-08-01T00:48:50","modified_gmt":"2023-07-31T22:48:50","slug":"pentola-in-ghisa-naturale-con-manico-lungo-24x6-cm","status":"publish","type":"product","link":"https:\/\/www.ghisanativa.com\/it\/product\/pentola-in-ghisa-naturale-con-manico-lungo-24x6-cm\/","title":{"rendered":"Pentola in ghisa naturale  <span class=\"subtitle\">con manico lungo 24&#215;6 cm<\/span>"},"content":{"rendered":"<p>La pentola in ghisa naturale con manico lungo detta anche casseruola per la sua forma rotonda \u00e8 una pentola versatile per cuocere risparmiando energie e risorse. \u00c8 particolarmente adatta per arrostire e brasare carne e verdure.<br \/>\n\u00c8 perfetta per <strong>la preparazione di stufati, zuppe e risotti ma anche fritti<\/strong>. E si pu\u00f2 perfino <strong>cuocere il pane su fornello e su forno<\/strong> grazie al suo coperchio in vetro borosilicato.<br \/>\nLa pentola in ghisa naturale con manico lungo MAIA \u00e8 completamente naturale senza smalti, PFOA, PTFE, PFAS per un contatto naturale del cibo con il ferro, elemento base di vita, che esalta l\u2019autentico sapore del cibo.<br \/>\nGli scarti di temperature tra il centro e i bordi della piastra sono minimi. La temperatura costante su tutta la superficie contribuisce a creare un imbrunimento perfetto di verdure e carne esaltandone colore e gusto come nessun altro strumento sa fare. \u00c8, quindi, ideale per chi vuole ottenere una Maillard perfetta.<\/p>\n<p>&nbsp;<\/p>\n<p><strong>Caratteristiche:<\/strong><\/p>\n<ul>\n<li>Codice Prodotto: <strong>FF.532.GN.C<\/strong>;<\/li>\n<li>Diametro 24 cm \u2013 Altezza 6 cm \u2013 Chilogrammi 3.16 \u2013 Ingombro incluso manici 42.0 cm;<\/li>\n<li>Ogni pezzo \u00e8 unico e caratterizzato da una propria identit\u00e0;<\/li>\n<li>Pentola in ghisa naturale per una migliore esaltazione del gusto;<\/li>\n<li>Ideale per una distribuzione e una conservazione uniforme del calore;<\/li>\n<li>Adatta a tutti i tipi di cottura con risultati migliori in caso stufature e brasatura. In alcuni casi, anche di pi\u00f9 di quelli che puoi ottenere con le padelle tradizionali;<\/li>\n<li>Due manici per sollevarla facilmente: uno lungo e uno corto. Questo permette una presa salda anche durante il trasporto e un utilizzo comodo e sicuro anche con guanti da forno;<\/li>\n<li>Coperchio in Pyrex con pomolo lavorato a mano in acciaio Inox e resistente a temperature fino ai 300\u00b0C;<\/li>\n<li>Utilizzabile su brace e barbecue fino a temperature che non superino i 900\u00b0C;<\/li>\n<li>La ghisa lamellare in ghisanativa non si sfoglia ad altissime temperature;<\/li>\n<li>Adatta ad uso professionale;<\/li>\n<li>Facile da pulire a mano;<\/li>\n<li>Ghisanativa \u00e8 garantita a vita per regalare a te, ai tuoi figli e alle generazioni che verranno, tutto il piacere di una cucina naturale, salutare e attenta alla tradizione e aperta all\u2019innovazione;<\/li>\n<li>Made in Italy.<\/li>\n<\/ul>\n","protected":false},"excerpt":{"rendered":"<p><strong>Massima flessibilit\u00e0: tegame medio utilizzabile anche per grigliare<\/strong><br \/>\nSolida e resistente la Linea MAIA \u00e8 ideale per ogni tipo di cottura. In particolare, la pentola in ghisa naturale con manico lungo della linea MAIA \u00e8 particolarmente adatta per brasare, stufare, friggere, preparare arrosti ed \u00e8 perfetta per ultimare la cottura della pasta e realizzare risotti abbondanti.<\/p>\n<p>&nbsp;<\/p>\n<p>&nbsp;<\/p>\n<p><strong>Accessori:<\/strong><br \/>\nPentola con coperchio in Pyrex resistente fino a 300\u00b0C<br \/>\nPomolo di acciaio Inox<\/p>\n","protected":false},"featured_media":565,"comment_status":"closed","ping_status":"closed","template":"","meta":{"_acf_changed":false},"product_cat":[37],"product_tag":[260,112,114,264,266,115,123,263,113,262],"class_list":{"0":"post-471","1":"product","2":"type-product","3":"status-publish","4":"has-post-thumbnail","6":"product_cat-pentole-in-ghisa-con-manico-lungo","7":"product_tag-antipasti-e-contorni","8":"product_tag-bbq","9":"product_tag-brasatura","10":"product_tag-carne","11":"product_tag-colazioni-e-merende","12":"product_tag-frittura","13":"product_tag-panificare","14":"product_tag-pesce","15":"product_tag-stufatura","16":"product_tag-uova","18":"first","19":"instock","20":"taxable","21":"shipping-taxable","22":"purchasable","23":"product-type-simple"},"acf":[],"yoast_head":"<!-- This site is optimized with the Yoast SEO plugin v24.0 - https:\/\/yoast.com\/wordpress\/plugins\/seo\/ -->\n<title>Pentola in ghisa naturale con manico lungo 24x6 cm - Ghisanativa<\/title>\n<meta name=\"robots\" content=\"index, follow, max-snippet:-1, max-image-preview:large, max-video-preview:-1\" \/>\n<link rel=\"canonical\" href=\"https:\/\/www.ghisanativa.com\/it\/product\/pentola-in-ghisa-naturale-con-manico-lungo-24x6-cm\/\" \/>\n<meta property=\"og:locale\" content=\"it_IT\" \/>\n<meta property=\"og:type\" content=\"article\" \/>\n<meta property=\"og:title\" content=\"Pentola in ghisa naturale con manico lungo 24x6 cm - Ghisanativa\" \/>\n<meta property=\"og:description\" content=\"Massima flessibilit\u00e0: tegame medio utilizzabile anche per grigliare Solida e resistente la Linea MAIA \u00e8 ideale per ogni tipo di cottura. In particolare, la pentola in ghisa naturale con manico lungo della linea MAIA \u00e8 particolarmente adatta per brasare, stufare, friggere, preparare arrosti ed \u00e8 perfetta per ultimare la cottura della pasta e realizzare risotti abbondanti.  &nbsp;  &nbsp;  Accessori: Pentola con coperchio in Pyrex resistente fino a 300\u00b0C Pomolo di acciaio Inox\" \/>\n<meta property=\"og:url\" content=\"https:\/\/www.ghisanativa.com\/it\/product\/pentola-in-ghisa-naturale-con-manico-lungo-24x6-cm\/\" \/>\n<meta property=\"og:site_name\" content=\"Ghisanativa\" \/>\n<meta property=\"article:modified_time\" content=\"2023-07-31T22:48:50+00:00\" \/>\n<meta property=\"og:image\" content=\"https:\/\/www.ghisanativa.com\/wp-content\/uploads\/2020\/08\/ghisanativa-pentola-ghisa-manico-lungo-240x60-1.jpg\" \/>\n\t<meta property=\"og:image:width\" content=\"1500\" \/>\n\t<meta property=\"og:image:height\" content=\"1500\" \/>\n\t<meta property=\"og:image:type\" content=\"image\/jpeg\" \/>\n<meta name=\"twitter:card\" content=\"summary_large_image\" \/>\n<meta name=\"twitter:label1\" content=\"Tempo di lettura stimato\" \/>\n\t<meta name=\"twitter:data1\" content=\"2 minuti\" \/>\n<script type=\"application\/ld+json\" class=\"yoast-schema-graph\">{\"@context\":\"https:\/\/schema.org\",\"@graph\":[{\"@type\":\"WebPage\",\"@id\":\"https:\/\/www.ghisanativa.com\/it\/product\/pentola-in-ghisa-naturale-con-manico-lungo-24x6-cm\/\",\"url\":\"https:\/\/www.ghisanativa.com\/it\/product\/pentola-in-ghisa-naturale-con-manico-lungo-24x6-cm\/\",\"name\":\"Pentola in ghisa naturale con manico lungo 24x6 cm - Ghisanativa\",\"isPartOf\":{\"@id\":\"https:\/\/www.ghisanativa.com\/it\/#website\"},\"primaryImageOfPage\":{\"@id\":\"https:\/\/www.ghisanativa.com\/it\/product\/pentola-in-ghisa-naturale-con-manico-lungo-24x6-cm\/#primaryimage\"},\"image\":{\"@id\":\"https:\/\/www.ghisanativa.com\/it\/product\/pentola-in-ghisa-naturale-con-manico-lungo-24x6-cm\/#primaryimage\"},\"thumbnailUrl\":\"https:\/\/www.ghisanativa.com\/wp-content\/uploads\/2020\/08\/ghisanativa-pentola-ghisa-manico-lungo-240x60-1.jpg\",\"datePublished\":\"2020-09-12T10:32:47+00:00\",\"dateModified\":\"2023-07-31T22:48:50+00:00\",\"breadcrumb\":{\"@id\":\"https:\/\/www.ghisanativa.com\/it\/product\/pentola-in-ghisa-naturale-con-manico-lungo-24x6-cm\/#breadcrumb\"},\"inLanguage\":\"it-IT\",\"potentialAction\":[{\"@type\":\"ReadAction\",\"target\":[\"https:\/\/www.ghisanativa.com\/it\/product\/pentola-in-ghisa-naturale-con-manico-lungo-24x6-cm\/\"]}]},{\"@type\":\"ImageObject\",\"inLanguage\":\"it-IT\",\"@id\":\"https:\/\/www.ghisanativa.com\/it\/product\/pentola-in-ghisa-naturale-con-manico-lungo-24x6-cm\/#primaryimage\",\"url\":\"https:\/\/www.ghisanativa.com\/wp-content\/uploads\/2020\/08\/ghisanativa-pentola-ghisa-manico-lungo-240x60-1.jpg\",\"contentUrl\":\"https:\/\/www.ghisanativa.com\/wp-content\/uploads\/2020\/08\/ghisanativa-pentola-ghisa-manico-lungo-240x60-1.jpg\",\"width\":1500,\"height\":1500},{\"@type\":\"BreadcrumbList\",\"@id\":\"https:\/\/www.ghisanativa.com\/it\/product\/pentola-in-ghisa-naturale-con-manico-lungo-24x6-cm\/#breadcrumb\",\"itemListElement\":[{\"@type\":\"ListItem\",\"position\":1,\"name\":\"Ghisanativa\",\"item\":\"https:\/\/www.ghisanativa.com\/it\/\"},{\"@type\":\"ListItem\",\"position\":2,\"name\":\"Shop\",\"item\":\"https:\/\/www.ghisanativa.com\/it\/shop\/\"},{\"@type\":\"ListItem\",\"position\":3,\"name\":\"Pentola in ghisa naturale con manico lungo 24&#215;6 cm\"}]},{\"@type\":\"WebSite\",\"@id\":\"https:\/\/www.ghisanativa.com\/it\/#website\",\"url\":\"https:\/\/www.ghisanativa.com\/it\/\",\"name\":\"Ghisanativa\",\"description\":\"Pentole, piastre, griglie e bruciatori in ghisa nuda antiaderenti\",\"publisher\":{\"@id\":\"https:\/\/www.ghisanativa.com\/it\/#organization\"},\"potentialAction\":[{\"@type\":\"SearchAction\",\"target\":{\"@type\":\"EntryPoint\",\"urlTemplate\":\"https:\/\/www.ghisanativa.com\/it\/?s={search_term_string}\"},\"query-input\":{\"@type\":\"PropertyValueSpecification\",\"valueRequired\":true,\"valueName\":\"search_term_string\"}}],\"inLanguage\":\"it-IT\"},{\"@type\":\"Organization\",\"@id\":\"https:\/\/www.ghisanativa.com\/it\/#organization\",\"name\":\"Fonderia Finco\",\"url\":\"https:\/\/www.ghisanativa.com\/it\/\",\"logo\":{\"@type\":\"ImageObject\",\"inLanguage\":\"it-IT\",\"@id\":\"https:\/\/www.ghisanativa.com\/it\/#\/schema\/logo\/image\/\",\"url\":\"https:\/\/www.ghisanativa.com\/wp-content\/uploads\/2020\/08\/fonderia-finco.png\",\"contentUrl\":\"https:\/\/www.ghisanativa.com\/wp-content\/uploads\/2020\/08\/fonderia-finco.png\",\"width\":143,\"height\":46,\"caption\":\"Fonderia Finco\"},\"image\":{\"@id\":\"https:\/\/www.ghisanativa.com\/it\/#\/schema\/logo\/image\/\"}}]}<\/script>\n<!-- \/ Yoast SEO plugin. -->","yoast_head_json":{"title":"Pentola in ghisa naturale con manico lungo 24x6 cm - Ghisanativa","robots":{"index":"index","follow":"follow","max-snippet":"max-snippet:-1","max-image-preview":"max-image-preview:large","max-video-preview":"max-video-preview:-1"},"canonical":"https:\/\/www.ghisanativa.com\/it\/product\/pentola-in-ghisa-naturale-con-manico-lungo-24x6-cm\/","og_locale":"it_IT","og_type":"article","og_title":"Pentola in ghisa naturale con manico lungo 24x6 cm - Ghisanativa","og_description":"Massima flessibilit\u00e0: tegame medio utilizzabile anche per grigliare Solida e resistente la Linea MAIA \u00e8 ideale per ogni tipo di cottura. In particolare, la pentola in ghisa naturale con manico lungo della linea MAIA \u00e8 particolarmente adatta per brasare, stufare, friggere, preparare arrosti ed \u00e8 perfetta per ultimare la cottura della pasta e realizzare risotti abbondanti.  &nbsp;  &nbsp;  Accessori: Pentola con coperchio in Pyrex resistente fino a 300\u00b0C Pomolo di acciaio Inox","og_url":"https:\/\/www.ghisanativa.com\/it\/product\/pentola-in-ghisa-naturale-con-manico-lungo-24x6-cm\/","og_site_name":"Ghisanativa","article_modified_time":"2023-07-31T22:48:50+00:00","og_image":[{"width":1500,"height":1500,"url":"https:\/\/www.ghisanativa.com\/wp-content\/uploads\/2020\/08\/ghisanativa-pentola-ghisa-manico-lungo-240x60-1.jpg","type":"image\/jpeg"}],"twitter_card":"summary_large_image","twitter_misc":{"Tempo di lettura stimato":"2 minuti"},"schema":{"@context":"https:\/\/schema.org","@graph":[{"@type":"WebPage","@id":"https:\/\/www.ghisanativa.com\/it\/product\/pentola-in-ghisa-naturale-con-manico-lungo-24x6-cm\/","url":"https:\/\/www.ghisanativa.com\/it\/product\/pentola-in-ghisa-naturale-con-manico-lungo-24x6-cm\/","name":"Pentola in ghisa naturale con manico lungo 24x6 cm - Ghisanativa","isPartOf":{"@id":"https:\/\/www.ghisanativa.com\/it\/#website"},"primaryImageOfPage":{"@id":"https:\/\/www.ghisanativa.com\/it\/product\/pentola-in-ghisa-naturale-con-manico-lungo-24x6-cm\/#primaryimage"},"image":{"@id":"https:\/\/www.ghisanativa.com\/it\/product\/pentola-in-ghisa-naturale-con-manico-lungo-24x6-cm\/#primaryimage"},"thumbnailUrl":"https:\/\/www.ghisanativa.com\/wp-content\/uploads\/2020\/08\/ghisanativa-pentola-ghisa-manico-lungo-240x60-1.jpg","datePublished":"2020-09-12T10:32:47+00:00","dateModified":"2023-07-31T22:48:50+00:00","breadcrumb":{"@id":"https:\/\/www.ghisanativa.com\/it\/product\/pentola-in-ghisa-naturale-con-manico-lungo-24x6-cm\/#breadcrumb"},"inLanguage":"it-IT","potentialAction":[{"@type":"ReadAction","target":["https:\/\/www.ghisanativa.com\/it\/product\/pentola-in-ghisa-naturale-con-manico-lungo-24x6-cm\/"]}]},{"@type":"ImageObject","inLanguage":"it-IT","@id":"https:\/\/www.ghisanativa.com\/it\/product\/pentola-in-ghisa-naturale-con-manico-lungo-24x6-cm\/#primaryimage","url":"https:\/\/www.ghisanativa.com\/wp-content\/uploads\/2020\/08\/ghisanativa-pentola-ghisa-manico-lungo-240x60-1.jpg","contentUrl":"https:\/\/www.ghisanativa.com\/wp-content\/uploads\/2020\/08\/ghisanativa-pentola-ghisa-manico-lungo-240x60-1.jpg","width":1500,"height":1500},{"@type":"BreadcrumbList","@id":"https:\/\/www.ghisanativa.com\/it\/product\/pentola-in-ghisa-naturale-con-manico-lungo-24x6-cm\/#breadcrumb","itemListElement":[{"@type":"ListItem","position":1,"name":"Ghisanativa","item":"https:\/\/www.ghisanativa.com\/it\/"},{"@type":"ListItem","position":2,"name":"Shop","item":"https:\/\/www.ghisanativa.com\/it\/shop\/"},{"@type":"ListItem","position":3,"name":"Pentola in ghisa naturale con manico lungo 24&#215;6 cm"}]},{"@type":"WebSite","@id":"https:\/\/www.ghisanativa.com\/it\/#website","url":"https:\/\/www.ghisanativa.com\/it\/","name":"Ghisanativa","description":"Pentole, piastre, griglie e bruciatori in ghisa nuda antiaderenti","publisher":{"@id":"https:\/\/www.ghisanativa.com\/it\/#organization"},"potentialAction":[{"@type":"SearchAction","target":{"@type":"EntryPoint","urlTemplate":"https:\/\/www.ghisanativa.com\/it\/?s={search_term_string}"},"query-input":{"@type":"PropertyValueSpecification","valueRequired":true,"valueName":"search_term_string"}}],"inLanguage":"it-IT"},{"@type":"Organization","@id":"https:\/\/www.ghisanativa.com\/it\/#organization","name":"Fonderia Finco","url":"https:\/\/www.ghisanativa.com\/it\/","logo":{"@type":"ImageObject","inLanguage":"it-IT","@id":"https:\/\/www.ghisanativa.com\/it\/#\/schema\/logo\/image\/","url":"https:\/\/www.ghisanativa.com\/wp-content\/uploads\/2020\/08\/fonderia-finco.png","contentUrl":"https:\/\/www.ghisanativa.com\/wp-content\/uploads\/2020\/08\/fonderia-finco.png","width":143,"height":46,"caption":"Fonderia Finco"},"image":{"@id":"https:\/\/www.ghisanativa.com\/it\/#\/schema\/logo\/image\/"}}]}},"_links":{"self":[{"href":"https:\/\/www.ghisanativa.com\/it\/wp-json\/wp\/v2\/product\/471","targetHints":{"allow":["GET"]}}],"collection":[{"href":"https:\/\/www.ghisanativa.com\/it\/wp-json\/wp\/v2\/product"}],"about":[{"href":"https:\/\/www.ghisanativa.com\/it\/wp-json\/wp\/v2\/types\/product"}],"replies":[{"embeddable":true,"href":"https:\/\/www.ghisanativa.com\/it\/wp-json\/wp\/v2\/comments?post=471"}],"wp:featuredmedia":[{"embeddable":true,"href":"https:\/\/www.ghisanativa.com\/it\/wp-json\/wp\/v2\/media\/565"}],"wp:attachment":[{"href":"https:\/\/www.ghisanativa.com\/it\/wp-json\/wp\/v2\/media?parent=471"}],"wp:term":[{"taxonomy":"product_cat","embeddable":true,"href":"https:\/\/www.ghisanativa.com\/it\/wp-json\/wp\/v2\/product_cat?post=471"},{"taxonomy":"product_tag","embeddable":true,"href":"https:\/\/www.ghisanativa.com\/it\/wp-json\/wp\/v2\/product_tag?post=471"}],"curies":[{"name":"wp","href":"https:\/\/api.w.org\/{rel}","templated":true}]}}