{"id":1523,"date":"2020-09-30T19:45:29","date_gmt":"2020-09-30T17:45:29","guid":{"rendered":"http:\/\/ghisa.kina.it\/?post_type=product&#038;p=1523"},"modified":"2023-08-01T01:08:24","modified_gmt":"2023-07-31T23:08:24","slug":"fornellone-in-ghisanativa-elios-induction-wok-con-carrello-sothis","status":"publish","type":"product","link":"https:\/\/www.ghisanativa.com\/it\/product\/fornellone-in-ghisanativa-elios-induction-wok-con-carrello-sothis\/","title":{"rendered":"Fornellone in ghisa <span class=\"subtitle\">Elios Induction Wok con carrello SOTHIS<\/span>"},"content":{"rendered":"<p><strong>Caratteristiche:<\/strong><\/p>\n<ul>\n<li>Codice Prodotto: <strong>FF.1460<\/strong>;<\/li>\n<li>Larghezza 58.5 cm \u2013 diametro 50 cm \u2013 altezza 95.5 cm &#8211; Chilogrammi 86;<\/li>\n<li>Struttura realizzata in ghisa smaltata antiacido;<\/li>\n<li>Manopola in metallo oro opaco;<\/li>\n<li>Top in vetro ceramico 300 mm e spessore 6 mm, sigillato ermeticamente;<\/li>\n<li>Potenza elettrica: 3,5 KW standard;<\/li>\n<li>Su richiesta possono essere disponibili le versioni 3 KW e 5 KW;<\/li>\n<li>Voltage: 230 V 1 AC;<\/li>\n<li>La componentistica della nostra induzione consente un utilizzo di 20\/30.000 ore di lavoro a differenza delle induzioni domestiche che ne consentono 3000-4000 ore;<\/li>\n<li>Sistema di raffreddamento con ventilatore tangenziale per un uso prolungato;<\/li>\n<li>Filtro antigrasso estraibile per una facile pulizia;<\/li>\n<li>Omologato per uso professionale;<\/li>\n<li>Modello registrato;<\/li>\n<li>Ideale per cotture superlative;<\/li>\n<li>Ad uso professionale;<\/li>\n<li>Made in Italy.<\/li>\n<\/ul>\n","protected":false},"excerpt":{"rendered":"<p><strong>Fornellone a induzione dotato di elegante carrello in ghisa per trasportarlo.<\/strong><\/p>\n<p>Il fornellone o bruciatore carrellato in ghisanativa nella sua versione ad induzione rappresenta un\u2019alternativa elegante davvero versatile a altri device. Di pi\u00f9 immediato utilizzo rispetto ad altri dispositivi di cottura, \u00e8 potentissimo perch\u00e9 concepito per i cultori della cucina d\u2019eccellenza. \u00c8 ideale per chi cucina a vista o per i professionisti del catering. \u00c8 un vero e proprio oggetto di design in cui forma e funzione si incontrano sapientemente. \u00c8 realizzato per un uso intensivo e monta componentistica professionale.<br \/>\nFacile da trasportare ed estremamente versatile in ogni situazione lavorativa, offre una grande stabilit\u00e0 associata a una perfetta ergonomia e a un design inimitabile.<\/p>\n<p>&nbsp;<\/p>\n<p>&nbsp;<\/p>\n<p><strong>Accessori:<\/strong><\/p>\n<p>Con l&#8217;acquisto di questo prodotto, Ghisanativa d\u00e0 l&#8217;opportunit\u00e0 di scegliere due omaggi! Ti baster\u00e0 aggiungere al carrello questo prodotto per scoprire subito fra quali fantastici prodotti potrai scegliere.<\/p>\n","protected":false},"featured_media":1524,"comment_status":"closed","ping_status":"closed","template":"","meta":{"_acf_changed":false},"product_cat":[40,39],"product_tag":[],"class_list":{"0":"post-1523","1":"product","2":"type-product","3":"status-publish","4":"has-post-thumbnail","6":"product_cat-fornelloni-ad-induzione","7":"product_cat-fornelloni-in-ghisa","9":"first","10":"instock","11":"taxable","12":"shipping-taxable","13":"purchasable","14":"product-type-simple"},"acf":[],"yoast_head":"<!-- This site is optimized with the Yoast SEO plugin v24.0 - https:\/\/yoast.com\/wordpress\/plugins\/seo\/ -->\n<title>Fornellone in ghisa Elios Induction Wok con carrello SOTHIS - Ghisanativa<\/title>\n<meta name=\"robots\" content=\"index, follow, max-snippet:-1, max-image-preview:large, max-video-preview:-1\" \/>\n<link rel=\"canonical\" href=\"https:\/\/www.ghisanativa.com\/it\/product\/fornellone-in-ghisanativa-elios-induction-wok-con-carrello-sothis\/\" \/>\n<meta property=\"og:locale\" content=\"it_IT\" \/>\n<meta property=\"og:type\" content=\"article\" \/>\n<meta property=\"og:title\" content=\"Fornellone in ghisa Elios Induction Wok con carrello SOTHIS - Ghisanativa\" \/>\n<meta property=\"og:description\" content=\"Fornellone a induzione dotato di elegante carrello in ghisa per trasportarlo.  Il fornellone o bruciatore carrellato in ghisanativa nella sua versione ad induzione rappresenta un\u2019alternativa elegante davvero versatile a altri device. Di pi\u00f9 immediato utilizzo rispetto ad altri dispositivi di cottura, \u00e8 potentissimo perch\u00e9 concepito per i cultori della cucina d\u2019eccellenza. \u00c8 ideale per chi cucina a vista o per i professionisti del catering. \u00c8 un vero e proprio oggetto di design in cui forma e funzione si incontrano sapientemente. \u00c8 realizzato per un uso intensivo e monta componentistica professionale. Facile da trasportare ed estremamente versatile in ogni situazione lavorativa, offre una grande stabilit\u00e0 associata a una perfetta ergonomia e a un design inimitabile.  &nbsp;  &nbsp;  Accessori:  Con l&#039;acquisto di questo prodotto, Ghisanativa d\u00e0 l&#039;opportunit\u00e0 di scegliere due omaggi! Ti baster\u00e0 aggiungere al carrello questo prodotto per scoprire subito fra quali fantastici prodotti potrai scegliere.\" \/>\n<meta property=\"og:url\" content=\"https:\/\/www.ghisanativa.com\/it\/product\/fornellone-in-ghisanativa-elios-induction-wok-con-carrello-sothis\/\" \/>\n<meta property=\"og:site_name\" content=\"Ghisanativa\" \/>\n<meta property=\"article:modified_time\" content=\"2023-07-31T23:08:24+00:00\" \/>\n<meta property=\"og:image\" content=\"https:\/\/www.ghisanativa.com\/wp-content\/uploads\/2020\/09\/ghisanativa-fornello-ghisa-elios-induction-wok-carrello-sothis.jpg\" \/>\n\t<meta property=\"og:image:width\" content=\"1500\" \/>\n\t<meta property=\"og:image:height\" content=\"1500\" \/>\n\t<meta property=\"og:image:type\" content=\"image\/jpeg\" \/>\n<meta name=\"twitter:card\" content=\"summary_large_image\" \/>\n<meta name=\"twitter:label1\" content=\"Tempo di lettura stimato\" \/>\n\t<meta name=\"twitter:data1\" content=\"1 minuto\" \/>\n<script type=\"application\/ld+json\" class=\"yoast-schema-graph\">{\"@context\":\"https:\/\/schema.org\",\"@graph\":[{\"@type\":\"WebPage\",\"@id\":\"https:\/\/www.ghisanativa.com\/it\/product\/fornellone-in-ghisanativa-elios-induction-wok-con-carrello-sothis\/\",\"url\":\"https:\/\/www.ghisanativa.com\/it\/product\/fornellone-in-ghisanativa-elios-induction-wok-con-carrello-sothis\/\",\"name\":\"Fornellone in ghisa Elios Induction Wok con carrello SOTHIS - Ghisanativa\",\"isPartOf\":{\"@id\":\"https:\/\/www.ghisanativa.com\/it\/#website\"},\"primaryImageOfPage\":{\"@id\":\"https:\/\/www.ghisanativa.com\/it\/product\/fornellone-in-ghisanativa-elios-induction-wok-con-carrello-sothis\/#primaryimage\"},\"image\":{\"@id\":\"https:\/\/www.ghisanativa.com\/it\/product\/fornellone-in-ghisanativa-elios-induction-wok-con-carrello-sothis\/#primaryimage\"},\"thumbnailUrl\":\"https:\/\/www.ghisanativa.com\/wp-content\/uploads\/2020\/09\/ghisanativa-fornello-ghisa-elios-induction-wok-carrello-sothis.jpg\",\"datePublished\":\"2020-09-30T17:45:29+00:00\",\"dateModified\":\"2023-07-31T23:08:24+00:00\",\"breadcrumb\":{\"@id\":\"https:\/\/www.ghisanativa.com\/it\/product\/fornellone-in-ghisanativa-elios-induction-wok-con-carrello-sothis\/#breadcrumb\"},\"inLanguage\":\"it-IT\",\"potentialAction\":[{\"@type\":\"ReadAction\",\"target\":[\"https:\/\/www.ghisanativa.com\/it\/product\/fornellone-in-ghisanativa-elios-induction-wok-con-carrello-sothis\/\"]}]},{\"@type\":\"ImageObject\",\"inLanguage\":\"it-IT\",\"@id\":\"https:\/\/www.ghisanativa.com\/it\/product\/fornellone-in-ghisanativa-elios-induction-wok-con-carrello-sothis\/#primaryimage\",\"url\":\"https:\/\/www.ghisanativa.com\/wp-content\/uploads\/2020\/09\/ghisanativa-fornello-ghisa-elios-induction-wok-carrello-sothis.jpg\",\"contentUrl\":\"https:\/\/www.ghisanativa.com\/wp-content\/uploads\/2020\/09\/ghisanativa-fornello-ghisa-elios-induction-wok-carrello-sothis.jpg\",\"width\":1500,\"height\":1500},{\"@type\":\"BreadcrumbList\",\"@id\":\"https:\/\/www.ghisanativa.com\/it\/product\/fornellone-in-ghisanativa-elios-induction-wok-con-carrello-sothis\/#breadcrumb\",\"itemListElement\":[{\"@type\":\"ListItem\",\"position\":1,\"name\":\"Ghisanativa\",\"item\":\"https:\/\/www.ghisanativa.com\/it\/\"},{\"@type\":\"ListItem\",\"position\":2,\"name\":\"Shop\",\"item\":\"https:\/\/www.ghisanativa.com\/it\/shop\/\"},{\"@type\":\"ListItem\",\"position\":3,\"name\":\"Fornellone in ghisa Elios Induction Wok con carrello SOTHIS\"}]},{\"@type\":\"WebSite\",\"@id\":\"https:\/\/www.ghisanativa.com\/it\/#website\",\"url\":\"https:\/\/www.ghisanativa.com\/it\/\",\"name\":\"Ghisanativa\",\"description\":\"Pentole, piastre, griglie e bruciatori in ghisa nuda antiaderenti\",\"publisher\":{\"@id\":\"https:\/\/www.ghisanativa.com\/it\/#organization\"},\"potentialAction\":[{\"@type\":\"SearchAction\",\"target\":{\"@type\":\"EntryPoint\",\"urlTemplate\":\"https:\/\/www.ghisanativa.com\/it\/?s={search_term_string}\"},\"query-input\":{\"@type\":\"PropertyValueSpecification\",\"valueRequired\":true,\"valueName\":\"search_term_string\"}}],\"inLanguage\":\"it-IT\"},{\"@type\":\"Organization\",\"@id\":\"https:\/\/www.ghisanativa.com\/it\/#organization\",\"name\":\"Fonderia Finco\",\"url\":\"https:\/\/www.ghisanativa.com\/it\/\",\"logo\":{\"@type\":\"ImageObject\",\"inLanguage\":\"it-IT\",\"@id\":\"https:\/\/www.ghisanativa.com\/it\/#\/schema\/logo\/image\/\",\"url\":\"https:\/\/www.ghisanativa.com\/wp-content\/uploads\/2020\/08\/fonderia-finco.png\",\"contentUrl\":\"https:\/\/www.ghisanativa.com\/wp-content\/uploads\/2020\/08\/fonderia-finco.png\",\"width\":143,\"height\":46,\"caption\":\"Fonderia Finco\"},\"image\":{\"@id\":\"https:\/\/www.ghisanativa.com\/it\/#\/schema\/logo\/image\/\"}}]}<\/script>\n<!-- \/ Yoast SEO plugin. -->","yoast_head_json":{"title":"Fornellone in ghisa Elios Induction Wok con carrello SOTHIS - Ghisanativa","robots":{"index":"index","follow":"follow","max-snippet":"max-snippet:-1","max-image-preview":"max-image-preview:large","max-video-preview":"max-video-preview:-1"},"canonical":"https:\/\/www.ghisanativa.com\/it\/product\/fornellone-in-ghisanativa-elios-induction-wok-con-carrello-sothis\/","og_locale":"it_IT","og_type":"article","og_title":"Fornellone in ghisa Elios Induction Wok con carrello SOTHIS - Ghisanativa","og_description":"Fornellone a induzione dotato di elegante carrello in ghisa per trasportarlo.  Il fornellone o bruciatore carrellato in ghisanativa nella sua versione ad induzione rappresenta un\u2019alternativa elegante davvero versatile a altri device. Di pi\u00f9 immediato utilizzo rispetto ad altri dispositivi di cottura, \u00e8 potentissimo perch\u00e9 concepito per i cultori della cucina d\u2019eccellenza. \u00c8 ideale per chi cucina a vista o per i professionisti del catering. \u00c8 un vero e proprio oggetto di design in cui forma e funzione si incontrano sapientemente. \u00c8 realizzato per un uso intensivo e monta componentistica professionale. Facile da trasportare ed estremamente versatile in ogni situazione lavorativa, offre una grande stabilit\u00e0 associata a una perfetta ergonomia e a un design inimitabile.  &nbsp;  &nbsp;  Accessori:  Con l'acquisto di questo prodotto, Ghisanativa d\u00e0 l'opportunit\u00e0 di scegliere due omaggi! Ti baster\u00e0 aggiungere al carrello questo prodotto per scoprire subito fra quali fantastici prodotti potrai scegliere.","og_url":"https:\/\/www.ghisanativa.com\/it\/product\/fornellone-in-ghisanativa-elios-induction-wok-con-carrello-sothis\/","og_site_name":"Ghisanativa","article_modified_time":"2023-07-31T23:08:24+00:00","og_image":[{"width":1500,"height":1500,"url":"https:\/\/www.ghisanativa.com\/wp-content\/uploads\/2020\/09\/ghisanativa-fornello-ghisa-elios-induction-wok-carrello-sothis.jpg","type":"image\/jpeg"}],"twitter_card":"summary_large_image","twitter_misc":{"Tempo di lettura stimato":"1 minuto"},"schema":{"@context":"https:\/\/schema.org","@graph":[{"@type":"WebPage","@id":"https:\/\/www.ghisanativa.com\/it\/product\/fornellone-in-ghisanativa-elios-induction-wok-con-carrello-sothis\/","url":"https:\/\/www.ghisanativa.com\/it\/product\/fornellone-in-ghisanativa-elios-induction-wok-con-carrello-sothis\/","name":"Fornellone in ghisa Elios Induction Wok con carrello SOTHIS - Ghisanativa","isPartOf":{"@id":"https:\/\/www.ghisanativa.com\/it\/#website"},"primaryImageOfPage":{"@id":"https:\/\/www.ghisanativa.com\/it\/product\/fornellone-in-ghisanativa-elios-induction-wok-con-carrello-sothis\/#primaryimage"},"image":{"@id":"https:\/\/www.ghisanativa.com\/it\/product\/fornellone-in-ghisanativa-elios-induction-wok-con-carrello-sothis\/#primaryimage"},"thumbnailUrl":"https:\/\/www.ghisanativa.com\/wp-content\/uploads\/2020\/09\/ghisanativa-fornello-ghisa-elios-induction-wok-carrello-sothis.jpg","datePublished":"2020-09-30T17:45:29+00:00","dateModified":"2023-07-31T23:08:24+00:00","breadcrumb":{"@id":"https:\/\/www.ghisanativa.com\/it\/product\/fornellone-in-ghisanativa-elios-induction-wok-con-carrello-sothis\/#breadcrumb"},"inLanguage":"it-IT","potentialAction":[{"@type":"ReadAction","target":["https:\/\/www.ghisanativa.com\/it\/product\/fornellone-in-ghisanativa-elios-induction-wok-con-carrello-sothis\/"]}]},{"@type":"ImageObject","inLanguage":"it-IT","@id":"https:\/\/www.ghisanativa.com\/it\/product\/fornellone-in-ghisanativa-elios-induction-wok-con-carrello-sothis\/#primaryimage","url":"https:\/\/www.ghisanativa.com\/wp-content\/uploads\/2020\/09\/ghisanativa-fornello-ghisa-elios-induction-wok-carrello-sothis.jpg","contentUrl":"https:\/\/www.ghisanativa.com\/wp-content\/uploads\/2020\/09\/ghisanativa-fornello-ghisa-elios-induction-wok-carrello-sothis.jpg","width":1500,"height":1500},{"@type":"BreadcrumbList","@id":"https:\/\/www.ghisanativa.com\/it\/product\/fornellone-in-ghisanativa-elios-induction-wok-con-carrello-sothis\/#breadcrumb","itemListElement":[{"@type":"ListItem","position":1,"name":"Ghisanativa","item":"https:\/\/www.ghisanativa.com\/it\/"},{"@type":"ListItem","position":2,"name":"Shop","item":"https:\/\/www.ghisanativa.com\/it\/shop\/"},{"@type":"ListItem","position":3,"name":"Fornellone in ghisa Elios Induction Wok con carrello SOTHIS"}]},{"@type":"WebSite","@id":"https:\/\/www.ghisanativa.com\/it\/#website","url":"https:\/\/www.ghisanativa.com\/it\/","name":"Ghisanativa","description":"Pentole, piastre, griglie e bruciatori in ghisa nuda antiaderenti","publisher":{"@id":"https:\/\/www.ghisanativa.com\/it\/#organization"},"potentialAction":[{"@type":"SearchAction","target":{"@type":"EntryPoint","urlTemplate":"https:\/\/www.ghisanativa.com\/it\/?s={search_term_string}"},"query-input":{"@type":"PropertyValueSpecification","valueRequired":true,"valueName":"search_term_string"}}],"inLanguage":"it-IT"},{"@type":"Organization","@id":"https:\/\/www.ghisanativa.com\/it\/#organization","name":"Fonderia Finco","url":"https:\/\/www.ghisanativa.com\/it\/","logo":{"@type":"ImageObject","inLanguage":"it-IT","@id":"https:\/\/www.ghisanativa.com\/it\/#\/schema\/logo\/image\/","url":"https:\/\/www.ghisanativa.com\/wp-content\/uploads\/2020\/08\/fonderia-finco.png","contentUrl":"https:\/\/www.ghisanativa.com\/wp-content\/uploads\/2020\/08\/fonderia-finco.png","width":143,"height":46,"caption":"Fonderia Finco"},"image":{"@id":"https:\/\/www.ghisanativa.com\/it\/#\/schema\/logo\/image\/"}}]}},"_links":{"self":[{"href":"https:\/\/www.ghisanativa.com\/it\/wp-json\/wp\/v2\/product\/1523","targetHints":{"allow":["GET"]}}],"collection":[{"href":"https:\/\/www.ghisanativa.com\/it\/wp-json\/wp\/v2\/product"}],"about":[{"href":"https:\/\/www.ghisanativa.com\/it\/wp-json\/wp\/v2\/types\/product"}],"replies":[{"embeddable":true,"href":"https:\/\/www.ghisanativa.com\/it\/wp-json\/wp\/v2\/comments?post=1523"}],"wp:featuredmedia":[{"embeddable":true,"href":"https:\/\/www.ghisanativa.com\/it\/wp-json\/wp\/v2\/media\/1524"}],"wp:attachment":[{"href":"https:\/\/www.ghisanativa.com\/it\/wp-json\/wp\/v2\/media?parent=1523"}],"wp:term":[{"taxonomy":"product_cat","embeddable":true,"href":"https:\/\/www.ghisanativa.com\/it\/wp-json\/wp\/v2\/product_cat?post=1523"},{"taxonomy":"product_tag","embeddable":true,"href":"https:\/\/www.ghisanativa.com\/it\/wp-json\/wp\/v2\/product_tag?post=1523"}],"curies":[{"name":"wp","href":"https:\/\/api.w.org\/{rel}","templated":true}]}}