{"id":983,"date":"2020-09-08T17:46:09","date_gmt":"2020-09-08T15:46:09","guid":{"rendered":"http:\/\/ghisa.kina.it\/?page_id=983"},"modified":"2020-12-01T10:41:49","modified_gmt":"2020-12-01T09:41:49","slug":"friggere","status":"publish","type":"page","link":"https:\/\/www.ghisanativa.com\/it\/friggere\/","title":{"rendered":"Friggere su ghisa naturale"},"content":{"rendered":"\t\t<div data-elementor-type=\"wp-page\" data-elementor-id=\"983\" class=\"elementor elementor-983\" data-elementor-post-type=\"page\">\n\t\t\t\t\t\t<section class=\"elementor-section elementor-top-section elementor-element elementor-element-6f8c02ff elementor-section-full_width elementor-section-height-min-height elementor-section-stretched elementor-section-height-default elementor-section-items-middle\" data-id=\"6f8c02ff\" data-element_type=\"section\" data-settings=\"{&quot;stretch_section&quot;:&quot;section-stretched&quot;,&quot;background_background&quot;:&quot;classic&quot;}\">\n\t\t\t\t\t\t<div class=\"elementor-container elementor-column-gap-default\">\n\t\t\t\t\t<div class=\"elementor-column elementor-col-100 elementor-top-column elementor-element elementor-element-64d9e287\" data-id=\"64d9e287\" data-element_type=\"column\">\n\t\t\t<div class=\"elementor-widget-wrap\">\n\t\t\t\t\t\t\t<\/div>\n\t\t<\/div>\n\t\t\t\t\t<\/div>\n\t\t<\/section>\n\t\t\t\t<section class=\"elementor-section elementor-top-section elementor-element elementor-element-525c8b58 elementor-section-full_width elementor-section-stretched elementor-section-height-min-height elementor-section-height-default elementor-section-items-middle\" data-id=\"525c8b58\" data-element_type=\"section\" data-settings=\"{&quot;stretch_section&quot;:&quot;section-stretched&quot;,&quot;background_background&quot;:&quot;classic&quot;}\">\n\t\t\t\t\t\t<div class=\"elementor-container elementor-column-gap-default\">\n\t\t\t\t\t<div class=\"elementor-column elementor-col-100 elementor-top-column elementor-element elementor-element-492f93a5\" data-id=\"492f93a5\" data-element_type=\"column\">\n\t\t\t<div class=\"elementor-widget-wrap elementor-element-populated\">\n\t\t\t\t\t\t<div class=\"elementor-element elementor-element-3ac0b531 elementor-widget elementor-widget-text-editor\" data-id=\"3ac0b531\" data-element_type=\"widget\" data-widget_type=\"text-editor.default\">\n\t\t\t\t<div class=\"elementor-widget-container\">\n\t\t\t\t\t\t\t<h4><strong>FRIGGERE SU GHISANATIVA<\/strong><\/h4>\t\t\t\t\t\t<\/div>\n\t\t\t\t<\/div>\n\t\t\t\t<div class=\"elementor-element elementor-element-6042810b elementor-widget elementor-widget-text-editor\" data-id=\"6042810b\" data-element_type=\"widget\" data-widget_type=\"text-editor.default\">\n\t\t\t\t<div class=\"elementor-widget-container\">\n\t\t\t\t\t\t\t<p>La frittura consiste nel cuocere gli alimenti in grassi o oli vegetali ad una temperatura ideale di 170\/180\u00b0C.<br \/>L\u2019olio vegetale indicato per le fritture \u00e8 quello d\u2019oliva, ma per evitare che il sapore dell\u2019olio di oliva condizioni la preparazione si possono utilizzare anche\u00a0<br \/><span style=\"color: var( --e-global-color-32042bb8 ); background-color: var( --e-global-color-4eefee08 );\">oli di\u00a0<\/span><span style=\"color: var( --e-global-color-32042bb8 ); background-color: var( --e-global-color-4eefee08 );\">semi alto oleici.\u00a0 <\/span><span style=\"color: var( --e-global-color-32042bb8 ); background-color: var( --e-global-color-4eefee08 );\">L\u2019olio di girasole alto oleico \u00e8 uno di questi.\u00a0<\/span><\/p>\t\t\t\t\t\t<\/div>\n\t\t\t\t<\/div>\n\t\t\t\t\t<\/div>\n\t\t<\/div>\n\t\t\t\t\t<\/div>\n\t\t<\/section>\n\t\t\t\t<section class=\"elementor-section elementor-top-section elementor-element elementor-element-2ca66f16 elementor-section-height-min-height elementor-section-stretched elementor-section-boxed elementor-section-height-default elementor-section-items-middle\" data-id=\"2ca66f16\" data-element_type=\"section\" data-settings=\"{&quot;stretch_section&quot;:&quot;section-stretched&quot;,&quot;background_background&quot;:&quot;gradient&quot;}\">\n\t\t\t\t\t\t<div class=\"elementor-container elementor-column-gap-default\">\n\t\t\t\t\t<div class=\"elementor-column elementor-col-50 elementor-top-column elementor-element elementor-element-381fc2c5\" data-id=\"381fc2c5\" data-element_type=\"column\">\n\t\t\t<div class=\"elementor-widget-wrap elementor-element-populated\">\n\t\t\t\t\t\t<div class=\"elementor-element elementor-element-2a511c71 elementor-widget elementor-widget-image\" data-id=\"2a511c71\" data-element_type=\"widget\" data-widget_type=\"image.default\">\n\t\t\t\t<div class=\"elementor-widget-container\">\n\t\t\t\t\t\t\t\t\t\t\t\t\t<img fetchpriority=\"high\" decoding=\"async\" width=\"1024\" height=\"1024\" src=\"https:\/\/www.ghisanativa.com\/wp-content\/uploads\/2020\/09\/ghisanativa-friggere-con-ghisa-02-1024x1024.jpg\" class=\"attachment-large size-large wp-image-1833\" alt=\"\" srcset=\"https:\/\/www.ghisanativa.com\/wp-content\/uploads\/2020\/09\/ghisanativa-friggere-con-ghisa-02-1024x1024.jpg 1024w, https:\/\/www.ghisanativa.com\/wp-content\/uploads\/2020\/09\/ghisanativa-friggere-con-ghisa-02-300x300.jpg 300w, https:\/\/www.ghisanativa.com\/wp-content\/uploads\/2020\/09\/ghisanativa-friggere-con-ghisa-02-150x150.jpg 150w, https:\/\/www.ghisanativa.com\/wp-content\/uploads\/2020\/09\/ghisanativa-friggere-con-ghisa-02-768x768.jpg 768w, https:\/\/www.ghisanativa.com\/wp-content\/uploads\/2020\/09\/ghisanativa-friggere-con-ghisa-02-1536x1536.jpg 1536w, https:\/\/www.ghisanativa.com\/wp-content\/uploads\/2020\/09\/ghisanativa-friggere-con-ghisa-02-600x600.jpg 600w, https:\/\/www.ghisanativa.com\/wp-content\/uploads\/2020\/09\/ghisanativa-friggere-con-ghisa-02-100x100.jpg 100w, https:\/\/www.ghisanativa.com\/wp-content\/uploads\/2020\/09\/ghisanativa-friggere-con-ghisa-02.jpg 1550w\" sizes=\"(max-width: 1024px) 100vw, 1024px\" \/>\t\t\t\t\t\t\t\t\t\t\t\t\t<\/div>\n\t\t\t\t<\/div>\n\t\t\t\t\t<\/div>\n\t\t<\/div>\n\t\t\t\t<div class=\"elementor-column elementor-col-50 elementor-top-column elementor-element elementor-element-3916de4\" data-id=\"3916de4\" data-element_type=\"column\">\n\t\t\t<div class=\"elementor-widget-wrap elementor-element-populated\">\n\t\t\t\t\t\t<div class=\"elementor-element elementor-element-1fa2941f elementor-widget elementor-widget-text-editor\" data-id=\"1fa2941f\" data-element_type=\"widget\" data-widget_type=\"text-editor.default\">\n\t\t\t\t<div class=\"elementor-widget-container\">\n\t\t\t\t\t\t\t<p>\u00c8 consigliato friggere in una quantit\u00e0 di olio con volume cinque volte superiore rispetto alla quantit\u00e0 di alimenti da cuocere, per evitare bruschi abbassamenti di temperatura.&nbsp;<br><span style=\"background-color: transparent;\">\u00c8 importante che gli alimenti siano completamente immersi nell\u2019olio e che l\u2019olio non raggiunga il punto di fumo.<br><\/span><span style=\"background-color: transparent;\">Gli alimenti che devono essere fritti devono essere asciugati bene esternamente per evitare che la temperatura dell\u2019olio si abbassi con la presenza di liquidi.<\/span><\/p>\n<p>\u00c8 consigliabile filtrare sempre l\u2019olio e mantenerlo limpido perch\u00e9 eventuali residui di cibo possono sviluppare odori e sapori sgradevoli e inoltre, sostanze tossiche per il nostro organismo.<\/p>\n<p>Una volta cotti, gli alimenti vengono scolati e fatti asciugare disponendoli su una carta che assorbe i grassi in eccesso e evita la formazione di umidit\u00e0.<\/p>\n<p>Gli alimenti fritti possono essere abbinati a delle salse leggermente acide, per poter contrastare la grassezza e rotondit\u00e0 data dall&#8217;olio in cottura. Possono essere delle emulsioni liquide come citronette (olio e succo di limone), maionesi vegane (con la nota acida data dall&#8217;aceto o dal limone). <br>Si pu\u00f2 inoltre abbinarle a dei pat\u00e9 vegetali leggermente acidulati per abbinare la croccantezza alla cremosit\u00e0 della salsa.<\/p>\t\t\t\t\t\t<\/div>\n\t\t\t\t<\/div>\n\t\t\t\t\t<\/div>\n\t\t<\/div>\n\t\t\t\t\t<\/div>\n\t\t<\/section>\n\t\t\t\t<section class=\"elementor-section elementor-top-section elementor-element elementor-element-6b08601c elementor-section-height-min-height elementor-section-stretched elementor-section-content-middle elementor-section-boxed elementor-section-height-default elementor-section-items-middle\" data-id=\"6b08601c\" data-element_type=\"section\" data-settings=\"{&quot;stretch_section&quot;:&quot;section-stretched&quot;,&quot;background_background&quot;:&quot;gradient&quot;}\">\n\t\t\t\t\t\t<div class=\"elementor-container elementor-column-gap-default\">\n\t\t\t\t\t<div class=\"elementor-column elementor-col-50 elementor-top-column elementor-element elementor-element-1a386b01\" data-id=\"1a386b01\" data-element_type=\"column\">\n\t\t\t<div class=\"elementor-widget-wrap elementor-element-populated\">\n\t\t\t\t\t\t<div class=\"elementor-element elementor-element-70f66d9b elementor-widget elementor-widget-text-editor\" data-id=\"70f66d9b\" data-element_type=\"widget\" data-widget_type=\"text-editor.default\">\n\t\t\t\t<div class=\"elementor-widget-container\">\n\t\t\t\t\t\t\t<h4><strong>Pat\u00e8 di zucca, funghi arrostiti, olio di semi di zucca al prezzemolo e zucca croccante in tempura<\/strong><\/h4>\t\t\t\t\t\t<\/div>\n\t\t\t\t<\/div>\n\t\t\t\t<div class=\"elementor-element elementor-element-356bb508 elementor-widget elementor-widget-text-editor\" data-id=\"356bb508\" data-element_type=\"widget\" data-widget_type=\"text-editor.default\">\n\t\t\t\t<div class=\"elementor-widget-container\">\n\t\t\t\t\t\t\t<p style=\"margin: 0cm;\">Lo chef Davide Larise ha scelto questa ricetta per dare risalto alla zucca, frutto versatile dalle notevoli qualit\u00e0. In questo piatto sono presenti diverse <i>texture<\/i> per creare una variet\u00e0 di sensazioni durante la masticazione. La croccantezza della frittura si alterna alla cremosit\u00e0 e morbidezza del pat\u00e9. La nota vegetale e di colore \u00e8 data dall&#8217;olio di semi e dal prezzemolo.<\/p>\n<p><strong><br><\/strong><strong style=\"background-color: transparent;\">Ingredienti per quattro persone:<br><\/strong>Per il pat\u00e9 di zucca:<\/p>\n<ul>\n<li>250 g di zucca pulita<\/li>\n<li>50 g di porro<\/li>\n<\/ul>\n<p>Per i funghi:<\/p>\n<ul>\n<li>due funghi Portobello<\/li>\n<li>aglio<\/li>\n<li>olio extravergine d\u2019oliva<\/li>\n<\/ul>\n<p>Per l\u2019olio al prezzemolo:<\/p>\n<ul>\n<li>80 g di olio di semi di zucca<\/li>\n<li>qualche foglia di prezzemolo<\/li>\n<li>sale<\/li>\n<\/ul>\t\t\t\t\t\t<\/div>\n\t\t\t\t<\/div>\n\t\t\t\t\t<\/div>\n\t\t<\/div>\n\t\t\t\t<div class=\"elementor-column elementor-col-50 elementor-top-column elementor-element elementor-element-6a39581\" data-id=\"6a39581\" data-element_type=\"column\">\n\t\t\t<div class=\"elementor-widget-wrap elementor-element-populated\">\n\t\t\t\t\t\t<div class=\"elementor-element elementor-element-81399a elementor-widget elementor-widget-image\" data-id=\"81399a\" data-element_type=\"widget\" data-widget_type=\"image.default\">\n\t\t\t\t<div class=\"elementor-widget-container\">\n\t\t\t\t\t\t\t\t\t\t\t\t\t<img decoding=\"async\" width=\"1024\" height=\"1024\" src=\"https:\/\/www.ghisanativa.com\/wp-content\/uploads\/2020\/09\/ghisanativa-friggere-con-ghisa-01-1024x1024.jpg\" class=\"attachment-large size-large wp-image-1832\" alt=\"\" srcset=\"https:\/\/www.ghisanativa.com\/wp-content\/uploads\/2020\/09\/ghisanativa-friggere-con-ghisa-01-1024x1024.jpg 1024w, https:\/\/www.ghisanativa.com\/wp-content\/uploads\/2020\/09\/ghisanativa-friggere-con-ghisa-01-300x300.jpg 300w, https:\/\/www.ghisanativa.com\/wp-content\/uploads\/2020\/09\/ghisanativa-friggere-con-ghisa-01-150x150.jpg 150w, https:\/\/www.ghisanativa.com\/wp-content\/uploads\/2020\/09\/ghisanativa-friggere-con-ghisa-01-768x768.jpg 768w, https:\/\/www.ghisanativa.com\/wp-content\/uploads\/2020\/09\/ghisanativa-friggere-con-ghisa-01-1536x1536.jpg 1536w, https:\/\/www.ghisanativa.com\/wp-content\/uploads\/2020\/09\/ghisanativa-friggere-con-ghisa-01-600x600.jpg 600w, https:\/\/www.ghisanativa.com\/wp-content\/uploads\/2020\/09\/ghisanativa-friggere-con-ghisa-01-100x100.jpg 100w, https:\/\/www.ghisanativa.com\/wp-content\/uploads\/2020\/09\/ghisanativa-friggere-con-ghisa-01.jpg 1550w\" sizes=\"(max-width: 1024px) 100vw, 1024px\" \/>\t\t\t\t\t\t\t\t\t\t\t\t\t<\/div>\n\t\t\t\t<\/div>\n\t\t\t\t\t<\/div>\n\t\t<\/div>\n\t\t\t\t\t<\/div>\n\t\t<\/section>\n\t\t\t\t<section class=\"elementor-section elementor-top-section elementor-element elementor-element-57297b0d elementor-section-height-min-height elementor-section-stretched elementor-section-boxed elementor-section-height-default elementor-section-items-middle\" data-id=\"57297b0d\" data-element_type=\"section\" data-settings=\"{&quot;stretch_section&quot;:&quot;section-stretched&quot;,&quot;background_background&quot;:&quot;gradient&quot;}\">\n\t\t\t\t\t\t<div class=\"elementor-container elementor-column-gap-default\">\n\t\t\t\t\t<div class=\"elementor-column elementor-col-50 elementor-top-column elementor-element elementor-element-762d5ddf\" data-id=\"762d5ddf\" data-element_type=\"column\">\n\t\t\t<div class=\"elementor-widget-wrap elementor-element-populated\">\n\t\t\t\t\t\t<div class=\"elementor-element elementor-element-30491cea elementor-widget elementor-widget-image\" data-id=\"30491cea\" data-element_type=\"widget\" data-widget_type=\"image.default\">\n\t\t\t\t<div class=\"elementor-widget-container\">\n\t\t\t\t\t\t\t\t\t\t\t\t\t<img decoding=\"async\" width=\"1024\" height=\"1024\" src=\"https:\/\/www.ghisanativa.com\/wp-content\/uploads\/2020\/09\/ghisanativa-friggere-con-ghisa-03-1024x1024.jpg\" class=\"attachment-large size-large wp-image-1835\" alt=\"\" srcset=\"https:\/\/www.ghisanativa.com\/wp-content\/uploads\/2020\/09\/ghisanativa-friggere-con-ghisa-03-1024x1024.jpg 1024w, https:\/\/www.ghisanativa.com\/wp-content\/uploads\/2020\/09\/ghisanativa-friggere-con-ghisa-03-300x300.jpg 300w, https:\/\/www.ghisanativa.com\/wp-content\/uploads\/2020\/09\/ghisanativa-friggere-con-ghisa-03-150x150.jpg 150w, https:\/\/www.ghisanativa.com\/wp-content\/uploads\/2020\/09\/ghisanativa-friggere-con-ghisa-03-768x768.jpg 768w, https:\/\/www.ghisanativa.com\/wp-content\/uploads\/2020\/09\/ghisanativa-friggere-con-ghisa-03-1536x1536.jpg 1536w, https:\/\/www.ghisanativa.com\/wp-content\/uploads\/2020\/09\/ghisanativa-friggere-con-ghisa-03-600x600.jpg 600w, https:\/\/www.ghisanativa.com\/wp-content\/uploads\/2020\/09\/ghisanativa-friggere-con-ghisa-03-100x100.jpg 100w, https:\/\/www.ghisanativa.com\/wp-content\/uploads\/2020\/09\/ghisanativa-friggere-con-ghisa-03.jpg 1550w\" sizes=\"(max-width: 1024px) 100vw, 1024px\" \/>\t\t\t\t\t\t\t\t\t\t\t\t\t<\/div>\n\t\t\t\t<\/div>\n\t\t\t\t\t<\/div>\n\t\t<\/div>\n\t\t\t\t<div class=\"elementor-column elementor-col-50 elementor-top-column elementor-element elementor-element-8691456\" data-id=\"8691456\" data-element_type=\"column\">\n\t\t\t<div class=\"elementor-widget-wrap elementor-element-populated\">\n\t\t\t\t\t\t<div class=\"elementor-element elementor-element-6b39f357 elementor-widget elementor-widget-text-editor\" data-id=\"6b39f357\" data-element_type=\"widget\" data-widget_type=\"text-editor.default\">\n\t\t\t\t<div class=\"elementor-widget-container\">\n\t\t\t\t\t\t\t<h6><strong>METODO DI PREPARAZIONE:<\/strong><\/h6><p>Ricava con l\u2019aiuto di un pelapatate 16 fette di zucca. Conservale.<\/p><p>Taglia il resto della zucca in piccoli cubetti regolari e mescolali con il porro tagliato a striscioline.<\/p><p>Inserisci il tutto in pentola, sala, aggiungi due cucchiai di acqua, copri con il coperchio la pentola e procedi con una cottura delicata per circa 20 minuti. Mescola di tanto in tanto con un cucchiaio in modo da ottenere un composto cremoso.<\/p><p>Taglia i funghi a fette, ungili leggermente e arrostiscili in padella. Una volta cotti, salali e\u00a0<span style=\"background-color: transparent;\">conservarli in un recipiente unendo dell\u2019aglio e dell\u2019olio per insaporirli.<\/span><\/p><p>Lava ed asciuga le foglie di prezzemolo. Unisci l\u2019olio di zucca, il sale e il cubetto di ghiaccio e frulla bene fino ad ottenere una salsa liscia.<\/p><p>Prepara la pastella mescolando le farine e aggiungi l\u2019acqua fredda. Otterrai una pastella cremosa da immergerci le fette di zucca sottili conservate precedentemente. Friggile in olio a 180\u00b0C, scolale e salale.<\/p><p>Procedi con l\u2019impiattamento.<\/p>\t\t\t\t\t\t<\/div>\n\t\t\t\t<\/div>\n\t\t\t\t\t<\/div>\n\t\t<\/div>\n\t\t\t\t\t<\/div>\n\t\t<\/section>\n\t\t\t\t<\/div>\n\t\t","protected":false},"excerpt":{"rendered":"<p>FRIGGERE SU GHISANATIVA La frittura consiste nel cuocere gli alimenti in grassi o oli vegetali ad una temperatura ideale di 170\/180\u00b0C.L\u2019olio vegetale indicato per le fritture \u00e8 quello d\u2019oliva, ma per evitare che il sapore dell\u2019olio di oliva condizioni la preparazione si possono utilizzare anche\u00a0oli di\u00a0semi alto oleici.\u00a0 L\u2019olio di girasole alto oleico \u00e8 uno [&hellip;]<\/p>\n","protected":false},"author":1,"featured_media":0,"parent":0,"menu_order":0,"comment_status":"closed","ping_status":"closed","template":"","meta":{"_acf_changed":false,"footnotes":""},"class_list":["post-983","page","type-page","status-publish","hentry"],"acf":[],"yoast_head":"<!-- This site is optimized with the Yoast SEO plugin v24.0 - https:\/\/yoast.com\/wordpress\/plugins\/seo\/ -->\n<title>Come Friggere: il miglior metodo di cottura sano e perfetto, su Ghisa<\/title>\n<meta name=\"description\" content=\"Stai cercando informazioni su come friggere in mood sano? In questa pagina troverai utili consigli e le migliori padelle per friggere.\" \/>\n<meta name=\"robots\" content=\"index, follow, max-snippet:-1, max-image-preview:large, max-video-preview:-1\" \/>\n<link rel=\"canonical\" href=\"https:\/\/www.ghisanativa.com\/it\/friggere\/\" \/>\n<meta property=\"og:locale\" content=\"it_IT\" \/>\n<meta property=\"og:type\" content=\"article\" \/>\n<meta property=\"og:title\" content=\"Come Friggere: il miglior metodo di cottura sano e perfetto, su Ghisa\" \/>\n<meta property=\"og:description\" content=\"Stai cercando informazioni su come friggere in mood sano? In questa pagina troverai utili consigli e le migliori padelle per friggere.\" \/>\n<meta property=\"og:url\" content=\"https:\/\/www.ghisanativa.com\/it\/friggere\/\" \/>\n<meta property=\"og:site_name\" content=\"Ghisanativa\" \/>\n<meta property=\"article:modified_time\" content=\"2020-12-01T09:41:49+00:00\" \/>\n<meta property=\"og:image\" content=\"https:\/\/www.ghisanativa.com\/wp-content\/uploads\/2020\/09\/ghisanativa-friggere-con-ghisa-02-1024x1024.jpg\" \/>\n<meta name=\"twitter:card\" content=\"summary_large_image\" \/>\n<meta name=\"twitter:label1\" content=\"Tempo di lettura stimato\" \/>\n\t<meta name=\"twitter:data1\" content=\"3 minuti\" \/>\n<script type=\"application\/ld+json\" class=\"yoast-schema-graph\">{\"@context\":\"https:\/\/schema.org\",\"@graph\":[{\"@type\":\"WebPage\",\"@id\":\"https:\/\/www.ghisanativa.com\/it\/friggere\/\",\"url\":\"https:\/\/www.ghisanativa.com\/it\/friggere\/\",\"name\":\"Come Friggere: il miglior metodo di cottura sano e perfetto, su Ghisa\",\"isPartOf\":{\"@id\":\"https:\/\/www.ghisanativa.com\/it\/#website\"},\"primaryImageOfPage\":{\"@id\":\"https:\/\/www.ghisanativa.com\/it\/friggere\/#primaryimage\"},\"image\":{\"@id\":\"https:\/\/www.ghisanativa.com\/it\/friggere\/#primaryimage\"},\"thumbnailUrl\":\"https:\/\/www.ghisanativa.com\/wp-content\/uploads\/2020\/09\/ghisanativa-friggere-con-ghisa-02-1024x1024.jpg\",\"datePublished\":\"2020-09-08T15:46:09+00:00\",\"dateModified\":\"2020-12-01T09:41:49+00:00\",\"description\":\"Stai cercando informazioni su come friggere in mood sano? In questa pagina troverai utili consigli e le migliori padelle per friggere.\",\"breadcrumb\":{\"@id\":\"https:\/\/www.ghisanativa.com\/it\/friggere\/#breadcrumb\"},\"inLanguage\":\"it-IT\",\"potentialAction\":[{\"@type\":\"ReadAction\",\"target\":[\"https:\/\/www.ghisanativa.com\/it\/friggere\/\"]}]},{\"@type\":\"ImageObject\",\"inLanguage\":\"it-IT\",\"@id\":\"https:\/\/www.ghisanativa.com\/it\/friggere\/#primaryimage\",\"url\":\"https:\/\/www.ghisanativa.com\/wp-content\/uploads\/2020\/09\/ghisanativa-friggere-con-ghisa-02-1024x1024.jpg\",\"contentUrl\":\"https:\/\/www.ghisanativa.com\/wp-content\/uploads\/2020\/09\/ghisanativa-friggere-con-ghisa-02-1024x1024.jpg\"},{\"@type\":\"BreadcrumbList\",\"@id\":\"https:\/\/www.ghisanativa.com\/it\/friggere\/#breadcrumb\",\"itemListElement\":[{\"@type\":\"ListItem\",\"position\":1,\"name\":\"Ghisanativa\",\"item\":\"https:\/\/www.ghisanativa.com\/it\/\"},{\"@type\":\"ListItem\",\"position\":2,\"name\":\"Friggere su ghisa naturale\"}]},{\"@type\":\"WebSite\",\"@id\":\"https:\/\/www.ghisanativa.com\/it\/#website\",\"url\":\"https:\/\/www.ghisanativa.com\/it\/\",\"name\":\"Ghisanativa\",\"description\":\"Pentole, piastre, griglie e bruciatori in ghisa nuda antiaderenti\",\"publisher\":{\"@id\":\"https:\/\/www.ghisanativa.com\/it\/#organization\"},\"potentialAction\":[{\"@type\":\"SearchAction\",\"target\":{\"@type\":\"EntryPoint\",\"urlTemplate\":\"https:\/\/www.ghisanativa.com\/it\/?s={search_term_string}\"},\"query-input\":{\"@type\":\"PropertyValueSpecification\",\"valueRequired\":true,\"valueName\":\"search_term_string\"}}],\"inLanguage\":\"it-IT\"},{\"@type\":\"Organization\",\"@id\":\"https:\/\/www.ghisanativa.com\/it\/#organization\",\"name\":\"Fonderia Finco\",\"url\":\"https:\/\/www.ghisanativa.com\/it\/\",\"logo\":{\"@type\":\"ImageObject\",\"inLanguage\":\"it-IT\",\"@id\":\"https:\/\/www.ghisanativa.com\/it\/#\/schema\/logo\/image\/\",\"url\":\"https:\/\/www.ghisanativa.com\/wp-content\/uploads\/2020\/08\/fonderia-finco.png\",\"contentUrl\":\"https:\/\/www.ghisanativa.com\/wp-content\/uploads\/2020\/08\/fonderia-finco.png\",\"width\":143,\"height\":46,\"caption\":\"Fonderia Finco\"},\"image\":{\"@id\":\"https:\/\/www.ghisanativa.com\/it\/#\/schema\/logo\/image\/\"}}]}<\/script>\n<!-- \/ Yoast SEO plugin. -->","yoast_head_json":{"title":"Come Friggere: il miglior metodo di cottura sano e perfetto, su Ghisa","description":"Stai cercando informazioni su come friggere in mood sano? In questa pagina troverai utili consigli e le migliori padelle per friggere.","robots":{"index":"index","follow":"follow","max-snippet":"max-snippet:-1","max-image-preview":"max-image-preview:large","max-video-preview":"max-video-preview:-1"},"canonical":"https:\/\/www.ghisanativa.com\/it\/friggere\/","og_locale":"it_IT","og_type":"article","og_title":"Come Friggere: il miglior metodo di cottura sano e perfetto, su Ghisa","og_description":"Stai cercando informazioni su come friggere in mood sano? In questa pagina troverai utili consigli e le migliori padelle per friggere.","og_url":"https:\/\/www.ghisanativa.com\/it\/friggere\/","og_site_name":"Ghisanativa","article_modified_time":"2020-12-01T09:41:49+00:00","og_image":[{"url":"https:\/\/www.ghisanativa.com\/wp-content\/uploads\/2020\/09\/ghisanativa-friggere-con-ghisa-02-1024x1024.jpg","type":"","width":"","height":""}],"twitter_card":"summary_large_image","twitter_misc":{"Tempo di lettura stimato":"3 minuti"},"schema":{"@context":"https:\/\/schema.org","@graph":[{"@type":"WebPage","@id":"https:\/\/www.ghisanativa.com\/it\/friggere\/","url":"https:\/\/www.ghisanativa.com\/it\/friggere\/","name":"Come Friggere: il miglior metodo di cottura sano e perfetto, su Ghisa","isPartOf":{"@id":"https:\/\/www.ghisanativa.com\/it\/#website"},"primaryImageOfPage":{"@id":"https:\/\/www.ghisanativa.com\/it\/friggere\/#primaryimage"},"image":{"@id":"https:\/\/www.ghisanativa.com\/it\/friggere\/#primaryimage"},"thumbnailUrl":"https:\/\/www.ghisanativa.com\/wp-content\/uploads\/2020\/09\/ghisanativa-friggere-con-ghisa-02-1024x1024.jpg","datePublished":"2020-09-08T15:46:09+00:00","dateModified":"2020-12-01T09:41:49+00:00","description":"Stai cercando informazioni su come friggere in mood sano? In questa pagina troverai utili consigli e le migliori padelle per friggere.","breadcrumb":{"@id":"https:\/\/www.ghisanativa.com\/it\/friggere\/#breadcrumb"},"inLanguage":"it-IT","potentialAction":[{"@type":"ReadAction","target":["https:\/\/www.ghisanativa.com\/it\/friggere\/"]}]},{"@type":"ImageObject","inLanguage":"it-IT","@id":"https:\/\/www.ghisanativa.com\/it\/friggere\/#primaryimage","url":"https:\/\/www.ghisanativa.com\/wp-content\/uploads\/2020\/09\/ghisanativa-friggere-con-ghisa-02-1024x1024.jpg","contentUrl":"https:\/\/www.ghisanativa.com\/wp-content\/uploads\/2020\/09\/ghisanativa-friggere-con-ghisa-02-1024x1024.jpg"},{"@type":"BreadcrumbList","@id":"https:\/\/www.ghisanativa.com\/it\/friggere\/#breadcrumb","itemListElement":[{"@type":"ListItem","position":1,"name":"Ghisanativa","item":"https:\/\/www.ghisanativa.com\/it\/"},{"@type":"ListItem","position":2,"name":"Friggere su ghisa naturale"}]},{"@type":"WebSite","@id":"https:\/\/www.ghisanativa.com\/it\/#website","url":"https:\/\/www.ghisanativa.com\/it\/","name":"Ghisanativa","description":"Pentole, piastre, griglie e bruciatori in ghisa nuda antiaderenti","publisher":{"@id":"https:\/\/www.ghisanativa.com\/it\/#organization"},"potentialAction":[{"@type":"SearchAction","target":{"@type":"EntryPoint","urlTemplate":"https:\/\/www.ghisanativa.com\/it\/?s={search_term_string}"},"query-input":{"@type":"PropertyValueSpecification","valueRequired":true,"valueName":"search_term_string"}}],"inLanguage":"it-IT"},{"@type":"Organization","@id":"https:\/\/www.ghisanativa.com\/it\/#organization","name":"Fonderia Finco","url":"https:\/\/www.ghisanativa.com\/it\/","logo":{"@type":"ImageObject","inLanguage":"it-IT","@id":"https:\/\/www.ghisanativa.com\/it\/#\/schema\/logo\/image\/","url":"https:\/\/www.ghisanativa.com\/wp-content\/uploads\/2020\/08\/fonderia-finco.png","contentUrl":"https:\/\/www.ghisanativa.com\/wp-content\/uploads\/2020\/08\/fonderia-finco.png","width":143,"height":46,"caption":"Fonderia Finco"},"image":{"@id":"https:\/\/www.ghisanativa.com\/it\/#\/schema\/logo\/image\/"}}]}},"_links":{"self":[{"href":"https:\/\/www.ghisanativa.com\/it\/wp-json\/wp\/v2\/pages\/983","targetHints":{"allow":["GET"]}}],"collection":[{"href":"https:\/\/www.ghisanativa.com\/it\/wp-json\/wp\/v2\/pages"}],"about":[{"href":"https:\/\/www.ghisanativa.com\/it\/wp-json\/wp\/v2\/types\/page"}],"author":[{"embeddable":true,"href":"https:\/\/www.ghisanativa.com\/it\/wp-json\/wp\/v2\/users\/1"}],"replies":[{"embeddable":true,"href":"https:\/\/www.ghisanativa.com\/it\/wp-json\/wp\/v2\/comments?post=983"}],"version-history":[{"count":0,"href":"https:\/\/www.ghisanativa.com\/it\/wp-json\/wp\/v2\/pages\/983\/revisions"}],"wp:attachment":[{"href":"https:\/\/www.ghisanativa.com\/it\/wp-json\/wp\/v2\/media?parent=983"}],"curies":[{"name":"wp","href":"https:\/\/api.w.org\/{rel}","templated":true}]}}