{"id":9,"date":"2020-08-10T15:39:19","date_gmt":"2020-08-10T13:39:19","guid":{"rendered":"http:\/\/ghisa.kina.it\/?page_id=9"},"modified":"2021-05-11T15:04:12","modified_gmt":"2021-05-11T13:04:12","slug":"cookie-policy","status":"publish","type":"page","link":"https:\/\/www.ghisanativa.com\/it\/cookie-policy\/","title":{"rendered":"Cookie Policy"},"content":{"rendered":"<h2 class=\"wp-block-heading\">Cookie Policy<\/h2><p>La presente Informativa sui cookie trova applicazione con riferimento al sito web www.ghisanativa.com, sito gestito da Fonderia Finco srl. Essa definisce l\u2019utilizzo di cookie e altre tecnologie analoghe sul nostro sito e deve essere letta congiuntamente alla nostra informativa sulla privacy.<\/p><p>L\u2019utilizzo dei cookie \u00e8 di prassi su Internet. Sebbene la maggior parte dei browser web sia impostata per accettare automaticamente i cookie, hai la possibilit\u00e0 di decidere se accettare o meno quanto precede, esprimendo se del caso il tuo consenso al riguardo. Ti \u00e8 consentito di modificare le impostazioni del browser affinch\u00e9 la ricezione di cookie sia impedita o affinch\u00e9 ti vengano inviate notifiche ogni qualvolta venga inviato un cookie.<\/p><p>Utilizzando il nostro sito, acconsenti all\u2019utilizzo dei cookie in conformit\u00e0 alla presente Informativa sui cookie. Se non fossi d\u2019accordo con l\u2019utilizzo dei cookie da parte nostra, ti invitiamo ad esprimere il tuo dissenso selezionando le impostazioni di diniego in merito all\u2019utilizzo dei cookie sul tuo browser e a non accettare i nostri cookie. Se si negasse l\u2019autorizzazione all\u2019uso dei cookie, potrebbe non essere possibile accedere a tutte le funzionalit\u00e0 del nostro sito web.<\/p><p><strong>Cosa sono i cookie?<\/strong><\/p><p>I cookie sono piccoli file o informazioni conservate sul tuo computer (o altri dispositivi abilitati a Internet, come uno smartphone o un tablet) quando visiti il nostro sito. Un cookie di solito contiene il nome del sito web da cui proviene il cookie, la \u201cdurata\u201d del cookie (cio\u00e8 quanto tempo rimarr\u00e0 sul dispositivo) e un valore numerico che di solito \u00e8 una cifra univoca a generazione casuale.<\/p><p>I cookie sono file di piccole dimensioni che vengono inviati al browser in uso e salvati sul tuo dispositivo quando visiti un sito internet come Fonderia Finco (il Sito). I cookie permettono un funzionamento efficiente del Sito e ne migliorano le prestazioni, inoltre forniscono informazioni al proprietario del sito per fini statistici o pubblicitari, principalmente per personalizzare l\u2019esperienza di navigazione ricordando le proprie preferenze (per esempio ricordare la lingua e la valuta che hai impostato, per riconoscerti alla visita successiva, ecc.).<\/p><p>I cookie, cos\u00ec come le tecnologie analoghe, consentono la memorizzazione circa l\u2019utilizzo e l\u2019interazione con siti web e servizi online dal computer o dal dispositivo utilizzato e possono essere adoperati per gestire una gamma di funzionalit\u00e0 e contenuti, nonch\u00e9 per archiviare ricerche e presentare contenuti personalizzati.<\/p><p><strong>Per cosa sono utilizzati i cookie?<\/strong><\/p><p>Utilizziamo i cookie per migliorare la tua esperienza di navigazione, la fruibilit\u00e0 del nostro sito e per personalizzare al meglio sia il nostro sito sia i nostri prodotti rispetto ai tuoi interessi e bisogni. I cookie possono anche essere utilizzati per rendere le tue attivit\u00e0 e le tue esperienze future sul nostro sito pi\u00f9 efficienti; essi, ad esempio, sono utilizzati per ricordare le preferenze da te espresse (lingua, paese, ecc.) durante la navigazione in caso di visite future. Utilizziamo inoltre i cookie per compilare statistiche di natura globale e anonima che ci consentono di capire come le persone utilizzano il nostro sito, per aiutarci a migliorare la sua struttura e il suo contenuto. Le informazioni ricavate dall\u2019utilizzo dei cookie, non consentono una tua identificazione personale. Previo tuo consenso, potremmo occasionalmente utilizzare cookie, tag o altri dispositivi simili per ottenere informazioni che ci consentano di mostrarti, sia dal nostro sito web o da siti web di terzi o qualsiasi altro mezzo, annunci pubblicitari basati sull\u2019analisi delle tue abitudini di navigazione.<\/p><p><strong>Per cosa NON sono utilizzati i cookie su questo sito?<\/strong><\/p><p>Non conserviamo informazioni personali sensibili, come il tuo indirizzo, la tua password, i dati della tua carta di credito o di debito, ecc.\u2026<\/p><p><strong>Chi utilizza le informazioni conservate nei cookie?<\/strong><\/p><p>Le informazioni conservate nei cookie dal nostro sito web sono utilizzate esclusivamente da noi, ad eccezione di quelli identificati di seguito come \u201ccookie di terzi\u201d, che sono utilizzati e gestiti da terzi per fornire prestazioni da noi richieste per migliorare i nostri servizi e l\u2019esperienza dell\u2019utente durante la navigazione nel nostro sito web. I servizi in relazione ai quali i cookie di terzi sono principalmente utilizzati sono quelli relativi alle informazioni circa le statistiche di accesso e quelli che garantiscono le transazioni di pagamento che vengono eseguite.<\/p><p><strong>Quali tipi di cookie utilizziamo?<\/strong><\/p><p>ll nostro sito utilizza diverse tipologie di cookie di prima parte (predisposti e gestiti da Fonderia Finco), cookie di terze parti (predisposti e gestiti da soggetti terzi in base alle proprie privacy policy e non sotto il controllo di Fonderia Finco), ognuna delle quali ha una specifica funzione. Di seguito un elenco esplicativo degli stessi. Utilizziamo i seguenti tipi di cookie:<\/p><p><strong>Cookie di propriet\u00e0:<\/strong><\/p><p><strong>Cookie di navigazione<\/strong>: Fin dal primo accesso questi cookie permettono al sito di funzionare correttamente e consentono di visualizzare i contenuti sul dispositivo in uso riconoscendo la lingua e il mercato del Paese dal quale scegli di connetterti. Se un utente si registra, permetteranno di riconoscerti e di accedere ai servizi delle aree dedicate. I cookie di navigazione sono cookie tecnici e sono necessari al funzionamento del sito.<\/p><p><strong>Cookie strettamente necessari o funzionali<\/strong>: Si tratta di cookie necessari per il funzionamento del nostro sito web. Includono, ad esempio, i cookie che consentono di accedere ad aree specifiche come quella di login utente del nostro sito www.ghisanativa.com, utilizzare carrello per gli acquisti, utilizzare i servizi di pagamento e di portafoglio digitale. Questi cookie permettono, in base alla a richiesta espressa, di riconoscere l\u2019utente agli accessi successivi, in modo da non dover inserire i suoi dati ad ogni visita. Se sono stati aggiunti articoli nel carrello e chiuso la sessione senza completare l&#8217;acquisto e senza eliminarli, questi cookie consentono di continuare lo shopping la volta successiva che accedi al sito (entro un periodo limitato di 30 giorni) ritrovando gli articoli selezionati. I cookie funzionali non sono indispensabili al funzionamento del sito, ma migliorano la qualit\u00e0 e l&#8217;esperienza della navigazione.<\/p><p><strong>Cookie di targeting:<\/strong> Questi cookie registrano la tua visita al nostro sito web, le pagine che hai visitato e i link che hai seguito. Utilizzeremo queste informazioni per rendere il nostro sito e la pubblicit\u00e0 visualizzata su di esso e tramite siti web di terze parti pi\u00f9 pertinenti ai tuoi interessi.<\/p><p><strong>Cookie analitici o prestazionali:<\/strong> Ci consentono di riconoscere e contare il numero di visitatori e di vedere come i visitatori si muovono nel nostro sito web quando lo utilizzano. Questo ci aiuta a migliorare il modo in cui funziona il nostro sito web, ad esempio, assicurando che gli utenti trovino facilmente ci\u00f2 che stanno cercando<\/p><p><strong>Cookie di terze parti<\/strong><\/p><p>Sono cookie di terza parte quelli inviati da societ\u00e0 terze di nostra fiducia. Questi cookie permettono di offrirti la nostra proposta commerciale su altri siti web affiliati (retargeting). Sui cookie di terza parte non abbiamo il controllo delle informazioni fornite dal cookie e non abbiamo accesso a tali dati. Queste informazioni sono controllate totalmente dalle societ\u00e0 terze secondo quanto descritto nelle rispettive policy. Per prendere visione dei suddetti cookie di terze parti, informarti sulle rispettive policy e gestirne consapevolmente il consenso o il diniego, ti invitiamo a visitare&nbsp;<a href=\"http:\/\/www.youronlinechoices.com\/it\/\">http:\/\/www.youronlinechoices.com\/it\/<\/a>.<\/p><p><strong>Cookie di social network<\/strong>:<\/p><p>Facebook:&nbsp;<a href=\"https:\/\/it-it.facebook.com\/about\/privacy\/\">https:\/\/it-it.facebook.com\/about\/privacy\/<\/a><\/p><p>Google:&nbsp;<a href=\"http:\/\/www.google.com\/intl\/it\/policies\/privacy\/\">http:\/\/www.google.com\/intl\/it\/policies\/privacy\/<\/a><\/p><p>Instagram:&nbsp;<a href=\"https:\/\/help.instagram.com\/1896641480634370?ref=ig\">https:\/\/help.instagram.com\/1896641480634370?ref=ig<\/a><\/p><p>YouTube:&nbsp;<a href=\"https:\/\/support.google.com\/youtube\/answer\/7671399?p=privacy_guidelines&amp;hl=it\">https:\/\/support.google.com\/youtube\/answer\/7671399?p=privacy_guidelines&amp;hl=it<\/a><\/p><p><strong>Cookie analitici:<\/strong><\/p><p><strong>Google Analytics<\/strong>: il nostro sito utilizza Google Analytics, un servizio di analisi web. Google Analytics utilizza i cookie per aiutare il Sito ad analizzare come i visitatori utilizzano il Sito. Le informazioni generate dal cookie sull\u2019utilizzo del sito Web (incluso il tuo indirizzo IP) saranno trasmesse e archiviate da un server di Google negli Stati Uniti. Google utilizza queste informazioni allo scopo di valutare l\u2019utilizzo del Sito, compilare report sulle attivit\u00e0 del sito web per gli operatori del medesimo e fornire altri servizi relativi alle attivit\u00e0 del sito web e all\u2019utilizzo di Internet. Puoi impedire la conservazione dei dati relativi al tuo utilizzo del sito web e creati tramite cookie (incluso il tuo indirizzo IP) da parte di Google.<\/p><p><strong>Google Ads<\/strong>: il nostro sito utilizza Google Ads servizio basato sul targeting comportamentale degli utenti, che consente agli inserzionisti di indirizzare annunci di visualizzazione a un pubblico che ha gi\u00e0 visitato un sito web. Sono attivate le funzioni della pubblicit\u00e0 Display che include i rapporti sui dati demografici e interessi. Il periodo di conservazione dei dati non scade autonomamente. Raccogliamo tramite Google Ads informazioni per il re marketing, il coinvolgimento o i segmenti di pubblico simili<\/p><p><strong>Google Signals<\/strong>: il nostro sito utilizza Google Signals un servizio consente di raccogliere ulteriori dati sul traffico per fornire funzionalit\u00e0 aggiuntive come informazioni e segmenti di pubblico cross-device. Questa funzione attivata permette a Google Analytics di comprendere la localit\u00e0 dell\u2019utente finale, la cronologia delle ricerche, la cronologia di YouTube e i dati dei siti che collaborano con Google.<\/p><p>Si noti che anche terze parti (incluse, ad esempio, reti pubblicitarie e fornitori di servizi esterni come i servizi di analisi del traffico web quali Google Analytics possono utilizzare i cookie, sui quali non abbiamo alcun controllo. Questi cookie sono cookie analitici \/ prestazionali o cookie di targeting.<\/p><p>Blocca i cookie attivando l\u2019impostazione sul tuo browser che ti consente di rifiutare l\u2019impostazione di tutti o di alcuni cookie. Tuttavia, se utilizzi le impostazioni del browser per bloccare tutti i cookie (inclusi i cookie essenziali) potresti non essere in grado di accedere a tutto o parte del nostro sito.<\/p><p><strong>Cookies sul sito<\/strong><\/p><script id=\"CookieDeclaration\" src=\"https:\/\/consent.cookiebot.com\/9901f04e-e7f2-495b-b538-73570188511c\/cd.js\" type=\"text\/javascript\" async><\/script><p><strong>Come modificare le impostazioni relative ai cookie nel tuo browser Internet?<\/strong><\/p><p>I browser Internet prevedono, come impostazione predefinita, l\u2019accettazione dei cookie. L\u2019impostazione in questione pu\u00f2 essere facilmente modificata, scegliendo di disabilitare i cookie. In tale ultimo caso, potrebbe non essere possibile beneficiare di tutte le funzionalit\u00e0 offerte dai nostri Siti.<br>La maggior parte dei browser \u00e8 configurata per accettare, controllare o eventualmente disabilitare i cookie attraverso le impostazioni. Ricordiamo tuttavia che disabilitare i cookie di navigazione o quelli funzionali pu\u00f2 causare un insoddisfacente funzionamento del sito e\/o limitare il servizio che offriamo.<br>Qui sotto il percorso da seguire per gestire i cookie dai seguenti browser:<\/p><p>Internet Explorer: <a href=\"http:\/\/windows.microsoft.com\/en-us\/windows-vista\/block-or-allow-cookies\">http:\/\/windows.microsoft.com\/en-us\/windows-vista\/block-or-allow-cookies<\/a><\/p><p>Firefox: <a href=\"https:\/\/support.mozilla.org\/en-us\/kb\/enable-and-disable-cookies-website-preferences\">https:\/\/support.mozilla.org\/en-us\/kb\/enable-and-disable-cookies-website-preferences<\/a><\/p><p>Safari: <a href=\"http:\/\/www.apple.com\/legal\/privacy\/it\/\">http:\/\/www.apple.com\/legal\/privacy\/it\/<\/a><\/p><p>Chrome: <a href=\"https:\/\/support.google.com\/accounts\/answer\/61416?hl=it\">https:\/\/support.google.com\/accounts\/answer\/61416?hl=it<\/a><\/p><p>Opera: <a href=\"http:\/\/www.opera.com\/help\/tutorials\/security\/cookies\/\">http:\/\/www.opera.com\/help\/tutorials\/security\/cookies\/<\/a><\/p><p>Altri cookie:<\/p><p>Google Analytics: <a href=\"https:\/\/developers.google.com\/analytics\/devguides\/collection\/analyticsjs\/cookie-usage\">https:\/\/developers.google.com\/analytics\/devguides\/collection\/analyticsjs\/cookie-usage<\/a><\/p><p>Google Privacy &amp; Terms: <a href=\"https:\/\/policies.google.com\/privacy?hl=it\">https:\/\/policies.google.com\/privacy?hl=it<\/a><\/p><p>Google Ads: <a href=\"https:\/\/policies.google.com\/technologies\/ads?hl=it\">https:\/\/policies.google.com\/technologies\/ads?hl=it<\/a><\/p><p><a href=\"https:\/\/policies.google.com\/technologies\/cookies?hl=it\">https:\/\/policies.google.com\/technologies\/cookies?hl=it<\/a><\/p><p>Puoi saperne di pi\u00f9 sui cookie e su come funzionano visitando il seguente link:<\/p><p><a href=\"http:\/\/www.allaboutcookies.org\/manage-cookies\/\">http:\/\/www.allaboutcookies.org\/manage-cookies\/<\/a><\/p><p>&nbsp;o <a href=\"http:\/\/www.youronlinechoices.com\/it\">http:\/\/www.youronlinechoices.com\/it<\/a><\/p>","protected":false},"excerpt":{"rendered":"<p>Cookie Policy La presente Informativa sui cookie trova applicazione con riferimento al sito web www.ghisanativa.com, sito gestito da Fonderia Finco srl. Essa definisce l\u2019utilizzo di cookie e altre tecnologie analoghe sul nostro sito e deve essere letta congiuntamente alla nostra informativa sulla privacy. L\u2019utilizzo dei cookie \u00e8 di prassi su Internet. Sebbene la maggior parte [&hellip;]<\/p>\n","protected":false},"author":1,"featured_media":0,"parent":0,"menu_order":0,"comment_status":"closed","ping_status":"closed","template":"","meta":{"_acf_changed":false,"footnotes":""},"class_list":["post-9","page","type-page","status-publish","hentry"],"acf":[],"yoast_head":"<!-- This site is optimized with the Yoast SEO plugin v24.0 - https:\/\/yoast.com\/wordpress\/plugins\/seo\/ -->\n<title>Cookie Policy - Ghisanativa<\/title>\n<meta name=\"robots\" content=\"index, follow, max-snippet:-1, max-image-preview:large, max-video-preview:-1\" \/>\n<link rel=\"canonical\" href=\"https:\/\/www.ghisanativa.com\/it\/cookie-policy\/\" \/>\n<meta property=\"og:locale\" content=\"it_IT\" \/>\n<meta property=\"og:type\" content=\"article\" \/>\n<meta property=\"og:title\" content=\"Cookie Policy - Ghisanativa\" \/>\n<meta property=\"og:description\" content=\"Cookie Policy La presente Informativa sui cookie trova applicazione con riferimento al sito web www.ghisanativa.com, sito gestito da Fonderia Finco srl. Essa definisce l\u2019utilizzo di cookie e altre tecnologie analoghe sul nostro sito e deve essere letta congiuntamente alla nostra informativa sulla privacy. L\u2019utilizzo dei cookie \u00e8 di prassi su Internet. Sebbene la maggior parte [&hellip;]\" \/>\n<meta property=\"og:url\" content=\"https:\/\/www.ghisanativa.com\/it\/cookie-policy\/\" \/>\n<meta property=\"og:site_name\" content=\"Ghisanativa\" \/>\n<meta property=\"article:modified_time\" content=\"2021-05-11T13:04:12+00:00\" \/>\n<meta name=\"twitter:card\" content=\"summary_large_image\" \/>\n<meta name=\"twitter:label1\" content=\"Tempo di lettura stimato\" \/>\n\t<meta name=\"twitter:data1\" content=\"8 minuti\" \/>\n<script type=\"application\/ld+json\" class=\"yoast-schema-graph\">{\"@context\":\"https:\/\/schema.org\",\"@graph\":[{\"@type\":\"WebPage\",\"@id\":\"https:\/\/www.ghisanativa.com\/it\/cookie-policy\/\",\"url\":\"https:\/\/www.ghisanativa.com\/it\/cookie-policy\/\",\"name\":\"Cookie Policy - Ghisanativa\",\"isPartOf\":{\"@id\":\"https:\/\/www.ghisanativa.com\/it\/#website\"},\"datePublished\":\"2020-08-10T13:39:19+00:00\",\"dateModified\":\"2021-05-11T13:04:12+00:00\",\"breadcrumb\":{\"@id\":\"https:\/\/www.ghisanativa.com\/it\/cookie-policy\/#breadcrumb\"},\"inLanguage\":\"it-IT\",\"potentialAction\":[{\"@type\":\"ReadAction\",\"target\":[\"https:\/\/www.ghisanativa.com\/it\/cookie-policy\/\"]}]},{\"@type\":\"BreadcrumbList\",\"@id\":\"https:\/\/www.ghisanativa.com\/it\/cookie-policy\/#breadcrumb\",\"itemListElement\":[{\"@type\":\"ListItem\",\"position\":1,\"name\":\"Ghisanativa\",\"item\":\"https:\/\/www.ghisanativa.com\/it\/\"},{\"@type\":\"ListItem\",\"position\":2,\"name\":\"Cookie Policy\"}]},{\"@type\":\"WebSite\",\"@id\":\"https:\/\/www.ghisanativa.com\/it\/#website\",\"url\":\"https:\/\/www.ghisanativa.com\/it\/\",\"name\":\"Ghisanativa\",\"description\":\"Pentole, piastre, griglie e bruciatori in ghisa nuda antiaderenti\",\"publisher\":{\"@id\":\"https:\/\/www.ghisanativa.com\/it\/#organization\"},\"potentialAction\":[{\"@type\":\"SearchAction\",\"target\":{\"@type\":\"EntryPoint\",\"urlTemplate\":\"https:\/\/www.ghisanativa.com\/it\/?s={search_term_string}\"},\"query-input\":{\"@type\":\"PropertyValueSpecification\",\"valueRequired\":true,\"valueName\":\"search_term_string\"}}],\"inLanguage\":\"it-IT\"},{\"@type\":\"Organization\",\"@id\":\"https:\/\/www.ghisanativa.com\/it\/#organization\",\"name\":\"Fonderia Finco\",\"url\":\"https:\/\/www.ghisanativa.com\/it\/\",\"logo\":{\"@type\":\"ImageObject\",\"inLanguage\":\"it-IT\",\"@id\":\"https:\/\/www.ghisanativa.com\/it\/#\/schema\/logo\/image\/\",\"url\":\"https:\/\/www.ghisanativa.com\/wp-content\/uploads\/2020\/08\/fonderia-finco.png\",\"contentUrl\":\"https:\/\/www.ghisanativa.com\/wp-content\/uploads\/2020\/08\/fonderia-finco.png\",\"width\":143,\"height\":46,\"caption\":\"Fonderia Finco\"},\"image\":{\"@id\":\"https:\/\/www.ghisanativa.com\/it\/#\/schema\/logo\/image\/\"}}]}<\/script>\n<!-- \/ Yoast SEO plugin. -->","yoast_head_json":{"title":"Cookie Policy - Ghisanativa","robots":{"index":"index","follow":"follow","max-snippet":"max-snippet:-1","max-image-preview":"max-image-preview:large","max-video-preview":"max-video-preview:-1"},"canonical":"https:\/\/www.ghisanativa.com\/it\/cookie-policy\/","og_locale":"it_IT","og_type":"article","og_title":"Cookie Policy - Ghisanativa","og_description":"Cookie Policy La presente Informativa sui cookie trova applicazione con riferimento al sito web www.ghisanativa.com, sito gestito da Fonderia Finco srl. Essa definisce l\u2019utilizzo di cookie e altre tecnologie analoghe sul nostro sito e deve essere letta congiuntamente alla nostra informativa sulla privacy. L\u2019utilizzo dei cookie \u00e8 di prassi su Internet. Sebbene la maggior parte [&hellip;]","og_url":"https:\/\/www.ghisanativa.com\/it\/cookie-policy\/","og_site_name":"Ghisanativa","article_modified_time":"2021-05-11T13:04:12+00:00","twitter_card":"summary_large_image","twitter_misc":{"Tempo di lettura stimato":"8 minuti"},"schema":{"@context":"https:\/\/schema.org","@graph":[{"@type":"WebPage","@id":"https:\/\/www.ghisanativa.com\/it\/cookie-policy\/","url":"https:\/\/www.ghisanativa.com\/it\/cookie-policy\/","name":"Cookie Policy - Ghisanativa","isPartOf":{"@id":"https:\/\/www.ghisanativa.com\/it\/#website"},"datePublished":"2020-08-10T13:39:19+00:00","dateModified":"2021-05-11T13:04:12+00:00","breadcrumb":{"@id":"https:\/\/www.ghisanativa.com\/it\/cookie-policy\/#breadcrumb"},"inLanguage":"it-IT","potentialAction":[{"@type":"ReadAction","target":["https:\/\/www.ghisanativa.com\/it\/cookie-policy\/"]}]},{"@type":"BreadcrumbList","@id":"https:\/\/www.ghisanativa.com\/it\/cookie-policy\/#breadcrumb","itemListElement":[{"@type":"ListItem","position":1,"name":"Ghisanativa","item":"https:\/\/www.ghisanativa.com\/it\/"},{"@type":"ListItem","position":2,"name":"Cookie Policy"}]},{"@type":"WebSite","@id":"https:\/\/www.ghisanativa.com\/it\/#website","url":"https:\/\/www.ghisanativa.com\/it\/","name":"Ghisanativa","description":"Pentole, piastre, griglie e bruciatori in ghisa nuda antiaderenti","publisher":{"@id":"https:\/\/www.ghisanativa.com\/it\/#organization"},"potentialAction":[{"@type":"SearchAction","target":{"@type":"EntryPoint","urlTemplate":"https:\/\/www.ghisanativa.com\/it\/?s={search_term_string}"},"query-input":{"@type":"PropertyValueSpecification","valueRequired":true,"valueName":"search_term_string"}}],"inLanguage":"it-IT"},{"@type":"Organization","@id":"https:\/\/www.ghisanativa.com\/it\/#organization","name":"Fonderia Finco","url":"https:\/\/www.ghisanativa.com\/it\/","logo":{"@type":"ImageObject","inLanguage":"it-IT","@id":"https:\/\/www.ghisanativa.com\/it\/#\/schema\/logo\/image\/","url":"https:\/\/www.ghisanativa.com\/wp-content\/uploads\/2020\/08\/fonderia-finco.png","contentUrl":"https:\/\/www.ghisanativa.com\/wp-content\/uploads\/2020\/08\/fonderia-finco.png","width":143,"height":46,"caption":"Fonderia Finco"},"image":{"@id":"https:\/\/www.ghisanativa.com\/it\/#\/schema\/logo\/image\/"}}]}},"_links":{"self":[{"href":"https:\/\/www.ghisanativa.com\/it\/wp-json\/wp\/v2\/pages\/9","targetHints":{"allow":["GET"]}}],"collection":[{"href":"https:\/\/www.ghisanativa.com\/it\/wp-json\/wp\/v2\/pages"}],"about":[{"href":"https:\/\/www.ghisanativa.com\/it\/wp-json\/wp\/v2\/types\/page"}],"author":[{"embeddable":true,"href":"https:\/\/www.ghisanativa.com\/it\/wp-json\/wp\/v2\/users\/1"}],"replies":[{"embeddable":true,"href":"https:\/\/www.ghisanativa.com\/it\/wp-json\/wp\/v2\/comments?post=9"}],"version-history":[{"count":0,"href":"https:\/\/www.ghisanativa.com\/it\/wp-json\/wp\/v2\/pages\/9\/revisions"}],"wp:attachment":[{"href":"https:\/\/www.ghisanativa.com\/it\/wp-json\/wp\/v2\/media?parent=9"}],"curies":[{"name":"wp","href":"https:\/\/api.w.org\/{rel}","templated":true}]}}