{"id":8559,"date":"2021-09-21T11:45:02","date_gmt":"2021-09-21T09:45:02","guid":{"rendered":"https:\/\/www.ghisanativa.com\/?page_id=8559"},"modified":"2021-09-27T09:31:09","modified_gmt":"2021-09-27T07:31:09","slug":"visita-lo-showroom","status":"publish","type":"page","link":"https:\/\/www.ghisanativa.com\/it\/visita-lo-showroom\/","title":{"rendered":"Visita lo showroom"},"content":{"rendered":"\t\t<div data-elementor-type=\"wp-page\" data-elementor-id=\"8559\" class=\"elementor elementor-8559\" data-elementor-post-type=\"page\">\n\t\t\t\t\t\t<section class=\"elementor-section elementor-top-section elementor-element elementor-element-db3e40e elementor-section-full_width elementor-section-height-min-height elementor-section-stretched elementor-section-height-default elementor-section-items-middle\" data-id=\"db3e40e\" data-element_type=\"section\" data-settings=\"{&quot;stretch_section&quot;:&quot;section-stretched&quot;,&quot;background_background&quot;:&quot;classic&quot;}\">\n\t\t\t\t\t\t<div class=\"elementor-container elementor-column-gap-default\">\n\t\t\t\t\t<div class=\"elementor-column elementor-col-100 elementor-top-column elementor-element elementor-element-e672f16\" data-id=\"e672f16\" data-element_type=\"column\">\n\t\t\t<div class=\"elementor-widget-wrap\">\n\t\t\t\t\t\t\t<\/div>\n\t\t<\/div>\n\t\t\t\t\t<\/div>\n\t\t<\/section>\n\t\t\t\t<section class=\"elementor-section elementor-top-section elementor-element elementor-element-e77b480 elementor-section-boxed elementor-section-height-default elementor-section-height-default\" data-id=\"e77b480\" data-element_type=\"section\">\n\t\t\t\t\t\t<div class=\"elementor-container elementor-column-gap-default\">\n\t\t\t\t\t<div class=\"elementor-column elementor-col-100 elementor-top-column elementor-element elementor-element-055a53e\" data-id=\"055a53e\" data-element_type=\"column\">\n\t\t\t<div class=\"elementor-widget-wrap elementor-element-populated\">\n\t\t\t\t\t\t<div class=\"elementor-element elementor-element-1c83d4e bianco elementor-widget elementor-widget-heading\" data-id=\"1c83d4e\" data-element_type=\"widget\" data-widget_type=\"heading.default\">\n\t\t\t\t<div class=\"elementor-widget-container\">\n\t\t\t<h1 class=\"elementor-heading-title elementor-size-default\">Visita lo Showroom<\/h1>\t\t<\/div>\n\t\t\t\t<\/div>\n\t\t\t\t\t<\/div>\n\t\t<\/div>\n\t\t\t\t\t<\/div>\n\t\t<\/section>\n\t\t\t\t<section class=\"elementor-section elementor-top-section elementor-element elementor-element-08cd732 elementor-section-boxed elementor-section-height-default elementor-section-height-default\" data-id=\"08cd732\" data-element_type=\"section\">\n\t\t\t\t\t\t<div class=\"elementor-container elementor-column-gap-default\">\n\t\t\t\t\t<div class=\"elementor-column elementor-col-50 elementor-top-column elementor-element elementor-element-7f9fb9c\" data-id=\"7f9fb9c\" data-element_type=\"column\">\n\t\t\t<div class=\"elementor-widget-wrap elementor-element-populated\">\n\t\t\t\t\t\t<div class=\"elementor-element elementor-element-572eaa5 bianco elementor-widget elementor-widget-text-editor\" data-id=\"572eaa5\" data-element_type=\"widget\" data-widget_type=\"text-editor.default\">\n\t\t\t\t<div class=\"elementor-widget-container\">\n\t\t\t\t\t\t\t<p>La fonderia Finco \u201capre le porte\u201d a chi:<\/p>\n<ul>\n<li>desidera vedere la produzione di Ghisanativa<\/li>\n<li>ricevere informazioni dettagliate sulla storia dei materiali di cottura e sulle caratteristiche distintive di Ghisanativa rispetto ad altri prodotti in commercio<\/li>\n<\/ul>\n<p>Citeremo dati scientifici e ricerche per rendere la visita ancora pi\u00f9 stimolante dal punto di vista culturale.<\/p>\n<p>Sar\u00e0 possibile toccare con mano i prodotti Ghisanativa, ricevere informazioni dettagliate sulle loro caratteristiche di prestazione tecnica e costruttiva.<\/p>\n<p>L\u2019obiettivo da parte nostra \u00e8 mettere a disposizione la nostra conoscenza per un acquisto consapevole e trasparente. Scopri le nostre proposte interessanti direttamente allo showroom!<\/p>\n<p>Lo showroom si trova in provincia di Padova, a Marsango di Campo San Martino in via A. Palladio 6.<\/p>\n<p>La visita dello showroom aziendale \u00e8 possibile dal luned\u00ec al venerd\u00ec, con orario 8.30\/12.30 e 13:30\/17.30. Oppure personalizza la tua visita richiedendolo qui sotto o contattandoci telefonicamente.<\/p>\n<p>\u00c8 preferibile fissare un <strong>appuntamento per venirci a trovare chiamando il numero +39 049 552066.<\/strong><\/p>\t\t\t\t\t\t<\/div>\n\t\t\t\t<\/div>\n\t\t\t\t\t<\/div>\n\t\t<\/div>\n\t\t\t\t<div class=\"elementor-column elementor-col-50 elementor-top-column elementor-element elementor-element-eaffaf5\" data-id=\"eaffaf5\" data-element_type=\"column\">\n\t\t\t<div class=\"elementor-widget-wrap elementor-element-populated\">\n\t\t\t\t\t\t<div class=\"elementor-element elementor-element-5daeb5e elementor-widget elementor-widget-image\" data-id=\"5daeb5e\" data-element_type=\"widget\" data-widget_type=\"image.default\">\n\t\t\t\t<div class=\"elementor-widget-container\">\n\t\t\t\t\t\t\t\t\t\t\t\t\t<img fetchpriority=\"high\" decoding=\"async\" width=\"768\" height=\"567\" src=\"https:\/\/www.ghisanativa.com\/wp-content\/uploads\/2021\/09\/Showroom-768x567.jpg\" class=\"attachment-medium_large size-medium_large wp-image-8561\" alt=\"\" srcset=\"https:\/\/www.ghisanativa.com\/wp-content\/uploads\/2021\/09\/Showroom-768x567.jpg 768w, https:\/\/www.ghisanativa.com\/wp-content\/uploads\/2021\/09\/Showroom-300x221.jpg 300w, https:\/\/www.ghisanativa.com\/wp-content\/uploads\/2021\/09\/Showroom-1024x756.jpg 1024w, https:\/\/www.ghisanativa.com\/wp-content\/uploads\/2021\/09\/Showroom-600x443.jpg 600w, https:\/\/www.ghisanativa.com\/wp-content\/uploads\/2021\/09\/Showroom.jpg 1080w\" sizes=\"(max-width: 768px) 100vw, 768px\" \/>\t\t\t\t\t\t\t\t\t\t\t\t\t<\/div>\n\t\t\t\t<\/div>\n\t\t\t\t\t<\/div>\n\t\t<\/div>\n\t\t\t\t\t<\/div>\n\t\t<\/section>\n\t\t\t\t<section class=\"elementor-section elementor-top-section elementor-element elementor-element-28048ab elementor-section-boxed elementor-section-height-default elementor-section-height-default\" data-id=\"28048ab\" data-element_type=\"section\">\n\t\t\t\t\t\t<div class=\"elementor-container elementor-column-gap-default\">\n\t\t\t\t\t<div class=\"elementor-column elementor-col-100 elementor-top-column elementor-element elementor-element-da5d13b\" data-id=\"da5d13b\" data-element_type=\"column\">\n\t\t\t<div class=\"elementor-widget-wrap elementor-element-populated\">\n\t\t\t\t\t\t<div class=\"elementor-element elementor-element-61bb94f bianco elementor-widget elementor-widget-heading\" data-id=\"61bb94f\" data-element_type=\"widget\" data-widget_type=\"heading.default\">\n\t\t\t\t<div class=\"elementor-widget-container\">\n\t\t\t<h2 class=\"elementor-heading-title elementor-size-default\">Compila il form<\/h2>\t\t<\/div>\n\t\t\t\t<\/div>\n\t\t\t\t<div class=\"elementor-element elementor-element-1f8b344 elementor-button-align-stretch elementor-widget elementor-widget-form\" data-id=\"1f8b344\" data-element_type=\"widget\" data-settings=\"{&quot;button_width&quot;:&quot;33&quot;,&quot;step_next_label&quot;:&quot;Next&quot;,&quot;step_previous_label&quot;:&quot;Previous&quot;,&quot;step_type&quot;:&quot;number_text&quot;,&quot;step_icon_shape&quot;:&quot;circle&quot;}\" data-widget_type=\"form.default\">\n\t\t\t\t<div class=\"elementor-widget-container\">\n\t\t\t\t\t<form class=\"elementor-form\" method=\"post\" name=\"New Form\">\n\t\t\t<input type=\"hidden\" name=\"post_id\" value=\"8559\"\/>\n\t\t\t<input type=\"hidden\" name=\"form_id\" value=\"1f8b344\"\/>\n\t\t\t<input type=\"hidden\" name=\"referer_title\" value=\"Ghisanativa\" \/>\n\n\t\t\t\n\t\t\t<div class=\"elementor-form-fields-wrapper elementor-labels-\">\n\t\t\t\t\t\t\t\t<div class=\"elementor-field-type-text elementor-field-group elementor-column elementor-field-group-name elementor-col-33 elementor-field-required\">\n\t\t\t\t\t\t\t\t\t\t\t\t<label for=\"form-field-name\" class=\"elementor-field-label elementor-screen-only\">\n\t\t\t\t\t\t\t\tNome\t\t\t\t\t\t\t<\/label>\n\t\t\t\t\t\t\t\t\t\t\t\t\t\t<input size=\"1\" type=\"text\" name=\"form_fields[name]\" id=\"form-field-name\" class=\"elementor-field elementor-size-sm  elementor-field-textual\" placeholder=\"Nome\" required=\"required\" aria-required=\"true\">\n\t\t\t\t\t\t\t\t\t\t\t<\/div>\n\t\t\t\t\t\t\t\t<div class=\"elementor-field-type-text elementor-field-group elementor-column elementor-field-group-message elementor-col-33 elementor-field-required\">\n\t\t\t\t\t\t\t\t\t\t\t\t<label for=\"form-field-message\" class=\"elementor-field-label elementor-screen-only\">\n\t\t\t\t\t\t\t\tCognome\t\t\t\t\t\t\t<\/label>\n\t\t\t\t\t\t\t\t\t\t\t\t\t\t<input size=\"1\" type=\"text\" name=\"form_fields[message]\" id=\"form-field-message\" class=\"elementor-field elementor-size-sm  elementor-field-textual\" placeholder=\"Cognome\" required=\"required\" aria-required=\"true\">\n\t\t\t\t\t\t\t\t\t\t\t<\/div>\n\t\t\t\t\t\t\t\t<div class=\"elementor-field-type-email elementor-field-group elementor-column elementor-field-group-email elementor-col-33 elementor-field-required\">\n\t\t\t\t\t\t\t\t\t\t\t\t<label for=\"form-field-email\" class=\"elementor-field-label elementor-screen-only\">\n\t\t\t\t\t\t\t\tEmail\t\t\t\t\t\t\t<\/label>\n\t\t\t\t\t\t\t\t\t\t\t\t\t\t<input size=\"1\" type=\"email\" name=\"form_fields[email]\" id=\"form-field-email\" class=\"elementor-field elementor-size-sm  elementor-field-textual\" placeholder=\"Email\" required=\"required\" aria-required=\"true\">\n\t\t\t\t\t\t\t\t\t\t\t<\/div>\n\t\t\t\t\t\t\t\t<div class=\"elementor-field-type-select elementor-field-group elementor-column elementor-field-group-field_78d2585 elementor-col-33 elementor-field-required\">\n\t\t\t\t\t\t\t\t\t\t\t\t<label for=\"form-field-field_78d2585\" class=\"elementor-field-label elementor-screen-only\">\n\t\t\t\t\t\t\t\tOggetto\t\t\t\t\t\t\t<\/label>\n\t\t\t\t\t\t\t\t<div class=\"elementor-field elementor-select-wrapper remove-before \">\n\t\t\t<div class=\"select-caret-down-wrapper\">\n\t\t\t\t<i aria-hidden=\"true\" class=\"eicon-caret-down\"><\/i>\t\t\t<\/div>\n\t\t\t<select name=\"form_fields[field_78d2585]\" id=\"form-field-field_78d2585\" class=\"elementor-field-textual elementor-size-sm\" required=\"required\" aria-required=\"true\">\n\t\t\t\t\t\t\t\t\t<option value=\"Scegli l&#039;orario di visita\">Scegli l&#039;orario di visita<\/option>\n\t\t\t\t\t\t\t\t\t<option value=\"Visita allo showroom di mattina\">Visita allo showroom di mattina<\/option>\n\t\t\t\t\t\t\t\t\t<option value=\"Visita allo showroom di pomeriggio\">Visita allo showroom di pomeriggio<\/option>\n\t\t\t\t\t\t\t\t\t<option value=\"Altro orario visita allo showroom\">Altro orario visita allo showroom<\/option>\n\t\t\t\t\t\t\t<\/select>\n\t\t<\/div>\n\t\t\t\t\t\t<\/div>\n\t\t\t\t\t\t\t\t<div class=\"elementor-field-type-date elementor-field-group elementor-column elementor-field-group-field_fbddadd elementor-col-33\">\n\t\t\t\t\t\t\t\t\t\t\t\t<label for=\"form-field-field_fbddadd\" class=\"elementor-field-label elementor-screen-only\">\n\t\t\t\t\t\t\t\tGiorno della visita\t\t\t\t\t\t\t<\/label>\n\t\t\t\t\t\t\n\t\t<input type=\"date\" name=\"form_fields[field_fbddadd]\" id=\"form-field-field_fbddadd\" class=\"elementor-field elementor-size-sm  elementor-field-textual elementor-date-field\" placeholder=\"Giorno della visita\" pattern=\"[0-9]{4}-[0-9]{2}-[0-9]{2}\">\n\t\t\t\t\t\t<\/div>\n\t\t\t\t\t\t\t\t<div class=\"elementor-field-type-time elementor-field-group elementor-column elementor-field-group-field_8924f90 elementor-col-33\">\n\t\t\t\t\t\t\t\t\t\t\t\t<label for=\"form-field-field_8924f90\" class=\"elementor-field-label elementor-screen-only\">\n\t\t\t\t\t\t\t\tOrario della visita\t\t\t\t\t\t\t<\/label>\n\t\t\t\t\t\t\t\t<input type=\"time\" name=\"form_fields[field_8924f90]\" id=\"form-field-field_8924f90\" class=\"elementor-field elementor-size-sm  elementor-field-textual elementor-time-field\" placeholder=\"Orario della visita\">\n\t\t\t\t\t\t<\/div>\n\t\t\t\t\t\t\t\t<div class=\"elementor-field-type-textarea elementor-field-group elementor-column elementor-field-group-field_c6b6c18 elementor-col-100\">\n\t\t\t\t\t\t\t\t\t\t\t\t<label for=\"form-field-field_c6b6c18\" class=\"elementor-field-label elementor-screen-only\">\n\t\t\t\t\t\t\t\tNote\t\t\t\t\t\t\t<\/label>\n\t\t\t\t\t\t<textarea class=\"elementor-field-textual elementor-field  elementor-size-sm\" name=\"form_fields[field_c6b6c18]\" id=\"form-field-field_c6b6c18\" rows=\"2\" placeholder=\"Note\"><\/textarea>\t\t\t\t<\/div>\n\t\t\t\t\t\t\t\t<div class=\"elementor-field-type-acceptance elementor-field-group elementor-column elementor-field-group-field_68cce2b elementor-col-100 elementor-field-required\">\n\t\t\t\t\t\t\t<div class=\"elementor-field-subgroup\">\n\t\t\t<span class=\"elementor-field-option\">\n\t\t\t\t<input type=\"checkbox\" name=\"form_fields[field_68cce2b]\" id=\"form-field-field_68cce2b\" class=\"elementor-field elementor-size-sm  elementor-acceptance-field\" required=\"required\" aria-required=\"true\">\n\t\t\t\t<label for=\"form-field-field_68cce2b\"><span style=\"color:#fff\">Ho letto ed accetto la <a href=\"https:\/\/www.ghisanativa.com\/it\/privacy-policy\/\"  style=\"color:orange !important\">Privacy Policy<\/a><\/span><\/label>\t\t\t<\/span>\n\t\t<\/div>\n\t\t\t\t\t\t<\/div>\n\t\t\t\t\t\t\t\t<div class=\"elementor-field-group elementor-column elementor-field-type-submit elementor-col-33 e-form__buttons\">\n\t\t\t\t\t<button class=\"elementor-button elementor-size-sm\" type=\"submit\">\n\t\t\t\t\t\t<span class=\"elementor-button-content-wrapper\">\n\t\t\t\t\t\t\t\t\t\t\t\t\t\t\t\t\t\t\t\t\t\t<span class=\"elementor-button-text\">Invia<\/span>\n\t\t\t\t\t\t\t\t\t\t\t\t\t<\/span>\n\t\t\t\t\t<\/button>\n\t\t\t\t<\/div>\n\t\t\t<\/div>\n\t\t<\/form>\n\t\t\t\t<\/div>\n\t\t\t\t<\/div>\n\t\t\t\t\t<\/div>\n\t\t<\/div>\n\t\t\t\t\t<\/div>\n\t\t<\/section>\n\t\t\t\t<\/div>\n\t\t","protected":false},"excerpt":{"rendered":"<p>Visita lo Showroom La fonderia Finco \u201capre le porte\u201d a chi: desidera vedere la produzione di Ghisanativa ricevere informazioni dettagliate sulla storia dei materiali di cottura e sulle caratteristiche distintive di Ghisanativa rispetto ad altri prodotti in commercio Citeremo dati scientifici e ricerche per rendere la visita ancora pi\u00f9 stimolante dal punto di vista culturale. [&hellip;]<\/p>\n","protected":false},"author":1,"featured_media":0,"parent":0,"menu_order":0,"comment_status":"closed","ping_status":"closed","template":"","meta":{"_acf_changed":false,"footnotes":""},"class_list":["post-8559","page","type-page","status-publish","hentry"],"acf":[],"yoast_head":"<!-- This site is optimized with the Yoast SEO plugin v24.0 - https:\/\/yoast.com\/wordpress\/plugins\/seo\/ -->\n<title>Visita lo showroom - Ghisanativa<\/title>\n<meta name=\"robots\" content=\"index, follow, max-snippet:-1, max-image-preview:large, max-video-preview:-1\" \/>\n<link rel=\"canonical\" href=\"https:\/\/www.ghisanativa.com\/it\/visita-lo-showroom\/\" \/>\n<meta property=\"og:locale\" content=\"it_IT\" \/>\n<meta property=\"og:type\" content=\"article\" \/>\n<meta property=\"og:title\" content=\"Visita lo showroom - Ghisanativa\" \/>\n<meta property=\"og:description\" content=\"Visita lo Showroom La fonderia Finco \u201capre le porte\u201d a chi: desidera vedere la produzione di Ghisanativa ricevere informazioni dettagliate sulla storia dei materiali di cottura e sulle caratteristiche distintive di Ghisanativa rispetto ad altri prodotti in commercio Citeremo dati scientifici e ricerche per rendere la visita ancora pi\u00f9 stimolante dal punto di vista culturale. [&hellip;]\" \/>\n<meta property=\"og:url\" content=\"https:\/\/www.ghisanativa.com\/it\/visita-lo-showroom\/\" \/>\n<meta property=\"og:site_name\" content=\"Ghisanativa\" \/>\n<meta property=\"article:modified_time\" content=\"2021-09-27T07:31:09+00:00\" \/>\n<meta property=\"og:image\" content=\"https:\/\/www.ghisanativa.com\/wp-content\/uploads\/2021\/09\/Showroom-768x567.jpg\" \/>\n<meta name=\"twitter:card\" content=\"summary_large_image\" \/>\n<meta name=\"twitter:label1\" content=\"Tempo di lettura stimato\" \/>\n\t<meta name=\"twitter:data1\" content=\"2 minuti\" \/>\n<script type=\"application\/ld+json\" class=\"yoast-schema-graph\">{\"@context\":\"https:\/\/schema.org\",\"@graph\":[{\"@type\":\"WebPage\",\"@id\":\"https:\/\/www.ghisanativa.com\/it\/visita-lo-showroom\/\",\"url\":\"https:\/\/www.ghisanativa.com\/it\/visita-lo-showroom\/\",\"name\":\"Visita lo showroom - Ghisanativa\",\"isPartOf\":{\"@id\":\"https:\/\/www.ghisanativa.com\/it\/#website\"},\"primaryImageOfPage\":{\"@id\":\"https:\/\/www.ghisanativa.com\/it\/visita-lo-showroom\/#primaryimage\"},\"image\":{\"@id\":\"https:\/\/www.ghisanativa.com\/it\/visita-lo-showroom\/#primaryimage\"},\"thumbnailUrl\":\"https:\/\/www.ghisanativa.com\/wp-content\/uploads\/2021\/09\/Showroom-768x567.jpg\",\"datePublished\":\"2021-09-21T09:45:02+00:00\",\"dateModified\":\"2021-09-27T07:31:09+00:00\",\"breadcrumb\":{\"@id\":\"https:\/\/www.ghisanativa.com\/it\/visita-lo-showroom\/#breadcrumb\"},\"inLanguage\":\"it-IT\",\"potentialAction\":[{\"@type\":\"ReadAction\",\"target\":[\"https:\/\/www.ghisanativa.com\/it\/visita-lo-showroom\/\"]}]},{\"@type\":\"ImageObject\",\"inLanguage\":\"it-IT\",\"@id\":\"https:\/\/www.ghisanativa.com\/it\/visita-lo-showroom\/#primaryimage\",\"url\":\"https:\/\/www.ghisanativa.com\/wp-content\/uploads\/2021\/09\/Showroom-768x567.jpg\",\"contentUrl\":\"https:\/\/www.ghisanativa.com\/wp-content\/uploads\/2021\/09\/Showroom-768x567.jpg\"},{\"@type\":\"BreadcrumbList\",\"@id\":\"https:\/\/www.ghisanativa.com\/it\/visita-lo-showroom\/#breadcrumb\",\"itemListElement\":[{\"@type\":\"ListItem\",\"position\":1,\"name\":\"Ghisanativa\",\"item\":\"https:\/\/www.ghisanativa.com\/it\/\"},{\"@type\":\"ListItem\",\"position\":2,\"name\":\"Visita lo showroom\"}]},{\"@type\":\"WebSite\",\"@id\":\"https:\/\/www.ghisanativa.com\/it\/#website\",\"url\":\"https:\/\/www.ghisanativa.com\/it\/\",\"name\":\"Ghisanativa\",\"description\":\"Pentole, piastre, griglie e bruciatori in ghisa nuda antiaderenti\",\"publisher\":{\"@id\":\"https:\/\/www.ghisanativa.com\/it\/#organization\"},\"potentialAction\":[{\"@type\":\"SearchAction\",\"target\":{\"@type\":\"EntryPoint\",\"urlTemplate\":\"https:\/\/www.ghisanativa.com\/it\/?s={search_term_string}\"},\"query-input\":{\"@type\":\"PropertyValueSpecification\",\"valueRequired\":true,\"valueName\":\"search_term_string\"}}],\"inLanguage\":\"it-IT\"},{\"@type\":\"Organization\",\"@id\":\"https:\/\/www.ghisanativa.com\/it\/#organization\",\"name\":\"Fonderia Finco\",\"url\":\"https:\/\/www.ghisanativa.com\/it\/\",\"logo\":{\"@type\":\"ImageObject\",\"inLanguage\":\"it-IT\",\"@id\":\"https:\/\/www.ghisanativa.com\/it\/#\/schema\/logo\/image\/\",\"url\":\"https:\/\/www.ghisanativa.com\/wp-content\/uploads\/2020\/08\/fonderia-finco.png\",\"contentUrl\":\"https:\/\/www.ghisanativa.com\/wp-content\/uploads\/2020\/08\/fonderia-finco.png\",\"width\":143,\"height\":46,\"caption\":\"Fonderia Finco\"},\"image\":{\"@id\":\"https:\/\/www.ghisanativa.com\/it\/#\/schema\/logo\/image\/\"}}]}<\/script>\n<!-- \/ Yoast SEO plugin. -->","yoast_head_json":{"title":"Visita lo showroom - Ghisanativa","robots":{"index":"index","follow":"follow","max-snippet":"max-snippet:-1","max-image-preview":"max-image-preview:large","max-video-preview":"max-video-preview:-1"},"canonical":"https:\/\/www.ghisanativa.com\/it\/visita-lo-showroom\/","og_locale":"it_IT","og_type":"article","og_title":"Visita lo showroom - Ghisanativa","og_description":"Visita lo Showroom La fonderia Finco \u201capre le porte\u201d a chi: desidera vedere la produzione di Ghisanativa ricevere informazioni dettagliate sulla storia dei materiali di cottura e sulle caratteristiche distintive di Ghisanativa rispetto ad altri prodotti in commercio Citeremo dati scientifici e ricerche per rendere la visita ancora pi\u00f9 stimolante dal punto di vista culturale. [&hellip;]","og_url":"https:\/\/www.ghisanativa.com\/it\/visita-lo-showroom\/","og_site_name":"Ghisanativa","article_modified_time":"2021-09-27T07:31:09+00:00","og_image":[{"url":"https:\/\/www.ghisanativa.com\/wp-content\/uploads\/2021\/09\/Showroom-768x567.jpg","type":"","width":"","height":""}],"twitter_card":"summary_large_image","twitter_misc":{"Tempo di lettura stimato":"2 minuti"},"schema":{"@context":"https:\/\/schema.org","@graph":[{"@type":"WebPage","@id":"https:\/\/www.ghisanativa.com\/it\/visita-lo-showroom\/","url":"https:\/\/www.ghisanativa.com\/it\/visita-lo-showroom\/","name":"Visita lo showroom - Ghisanativa","isPartOf":{"@id":"https:\/\/www.ghisanativa.com\/it\/#website"},"primaryImageOfPage":{"@id":"https:\/\/www.ghisanativa.com\/it\/visita-lo-showroom\/#primaryimage"},"image":{"@id":"https:\/\/www.ghisanativa.com\/it\/visita-lo-showroom\/#primaryimage"},"thumbnailUrl":"https:\/\/www.ghisanativa.com\/wp-content\/uploads\/2021\/09\/Showroom-768x567.jpg","datePublished":"2021-09-21T09:45:02+00:00","dateModified":"2021-09-27T07:31:09+00:00","breadcrumb":{"@id":"https:\/\/www.ghisanativa.com\/it\/visita-lo-showroom\/#breadcrumb"},"inLanguage":"it-IT","potentialAction":[{"@type":"ReadAction","target":["https:\/\/www.ghisanativa.com\/it\/visita-lo-showroom\/"]}]},{"@type":"ImageObject","inLanguage":"it-IT","@id":"https:\/\/www.ghisanativa.com\/it\/visita-lo-showroom\/#primaryimage","url":"https:\/\/www.ghisanativa.com\/wp-content\/uploads\/2021\/09\/Showroom-768x567.jpg","contentUrl":"https:\/\/www.ghisanativa.com\/wp-content\/uploads\/2021\/09\/Showroom-768x567.jpg"},{"@type":"BreadcrumbList","@id":"https:\/\/www.ghisanativa.com\/it\/visita-lo-showroom\/#breadcrumb","itemListElement":[{"@type":"ListItem","position":1,"name":"Ghisanativa","item":"https:\/\/www.ghisanativa.com\/it\/"},{"@type":"ListItem","position":2,"name":"Visita lo showroom"}]},{"@type":"WebSite","@id":"https:\/\/www.ghisanativa.com\/it\/#website","url":"https:\/\/www.ghisanativa.com\/it\/","name":"Ghisanativa","description":"Pentole, piastre, griglie e bruciatori in ghisa nuda antiaderenti","publisher":{"@id":"https:\/\/www.ghisanativa.com\/it\/#organization"},"potentialAction":[{"@type":"SearchAction","target":{"@type":"EntryPoint","urlTemplate":"https:\/\/www.ghisanativa.com\/it\/?s={search_term_string}"},"query-input":{"@type":"PropertyValueSpecification","valueRequired":true,"valueName":"search_term_string"}}],"inLanguage":"it-IT"},{"@type":"Organization","@id":"https:\/\/www.ghisanativa.com\/it\/#organization","name":"Fonderia Finco","url":"https:\/\/www.ghisanativa.com\/it\/","logo":{"@type":"ImageObject","inLanguage":"it-IT","@id":"https:\/\/www.ghisanativa.com\/it\/#\/schema\/logo\/image\/","url":"https:\/\/www.ghisanativa.com\/wp-content\/uploads\/2020\/08\/fonderia-finco.png","contentUrl":"https:\/\/www.ghisanativa.com\/wp-content\/uploads\/2020\/08\/fonderia-finco.png","width":143,"height":46,"caption":"Fonderia Finco"},"image":{"@id":"https:\/\/www.ghisanativa.com\/it\/#\/schema\/logo\/image\/"}}]}},"_links":{"self":[{"href":"https:\/\/www.ghisanativa.com\/it\/wp-json\/wp\/v2\/pages\/8559","targetHints":{"allow":["GET"]}}],"collection":[{"href":"https:\/\/www.ghisanativa.com\/it\/wp-json\/wp\/v2\/pages"}],"about":[{"href":"https:\/\/www.ghisanativa.com\/it\/wp-json\/wp\/v2\/types\/page"}],"author":[{"embeddable":true,"href":"https:\/\/www.ghisanativa.com\/it\/wp-json\/wp\/v2\/users\/1"}],"replies":[{"embeddable":true,"href":"https:\/\/www.ghisanativa.com\/it\/wp-json\/wp\/v2\/comments?post=8559"}],"version-history":[{"count":38,"href":"https:\/\/www.ghisanativa.com\/it\/wp-json\/wp\/v2\/pages\/8559\/revisions"}],"predecessor-version":[{"id":8624,"href":"https:\/\/www.ghisanativa.com\/it\/wp-json\/wp\/v2\/pages\/8559\/revisions\/8624"}],"wp:attachment":[{"href":"https:\/\/www.ghisanativa.com\/it\/wp-json\/wp\/v2\/media?parent=8559"}],"curies":[{"name":"wp","href":"https:\/\/api.w.org\/{rel}","templated":true}]}}