{"id":69,"date":"2020-08-12T08:44:41","date_gmt":"2020-08-12T06:44:41","guid":{"rendered":"http:\/\/ghisa.kina.it\/?page_id=69"},"modified":"2022-10-26T08:50:28","modified_gmt":"2022-10-26T06:50:28","slug":"informazioni-precontrattuali","status":"publish","type":"page","link":"https:\/\/www.ghisanativa.com\/it\/informazioni-precontrattuali\/","title":{"rendered":"Informazioni precontrattuali"},"content":{"rendered":"<p><strong>Informazioni Precontrattuali ai sensi dell\u2019art. 49 del D.lgs. 6 settembre 2005, n. 206 \u2013 Codice del consumo<\/strong><\/p><p>Le informazioni precontrattuali di seguito riportate costituiscono anche parte integrante delle \u201ccondizioni generali di vendita on line www.ghisanativa.com\u201d; esse non potranno essere modificate se non a seguito di ulteriore espresso accordo con il Cliente.<\/p><p><strong>1) Identificazione del Fornitore<\/strong><\/p><p>FONDERIA FINCO SRL con sede in Marsango di Campo San Martino in via Palladio n.6 35010 (PD), iscrizione presso la Camera di commercio di Padova al n. PD-196364 del Registro delle imprese, codice fiscale n. 02004550287 partita IVA n. 02004550287, di seguito il \u00abFornitore\u00bb.<\/p><p><strong>2) Caratteristiche principali dei prodotti<\/strong><\/p><p>I prodotti vengono indicati, anche nelle loro essenziali caratteristiche, direttamente nel sito web del Fornitore alla pagina: www.ghisanativa.com. Per ciascun prodotto visionato, il Cliente avr\u00e0 possibilit\u00e0 di accedere ad apposita scheda contenente le principali informazioni e dati relative al prodotto stesso.<\/p><p><strong>3) Prezzo totale dei prodotti<\/strong><\/p><p>Tutti i prezzi di vendita dei prodotti contenuti nel catalogo online del Fornitore vengono espressi in euro e sono comprensivi di IVA e di ogni eventuale altra imposta<\/p><p>Con la compilazione dell\u2019ordine di acquisto, e comunque prima che la procedura di acquisto venga completata, il Cliente avr\u00e0 modo di verificare tali costi ed oneri.<\/p><p>Viene, infine, precisato che i prezzi indicati in corrispondenza di ciascuno dei beni offerti al pubblico hanno validit\u00e0 fino alla data indicata nel catalogo, ovvero fintanto che il Fornitore non provveder\u00e0, a propria discrezione, a modificarli.<\/p><p><strong>4) Modalit\u00e0 di pagamento<\/strong><\/p><p>Il pagamento del prezzo potr\u00e0 avvenire unicamente per mezzo di uno dei metodi qui di seguito espressamente indicati:.<\/p><ul class=\"wp-block-list\"><li><strong>PayPal, carte di credito (Visa, Mastercard), di debito e bonifico bancario e contrassegno per l\u2019Italia.<\/strong><\/li><li><strong>PayPal, carte di credito (Visa, Mastercard) per gli altri Paesi dell\u2019UE.<\/strong><\/li><\/ul><p>Il Fornitore garantisce che tutte le comunicazioni relative ai pagamenti avvengono su apposita linea protetta da sistema di cifratura; il Fornitore garantisce altres\u00ec la memorizzazione di queste informazioni con ulteriore livello di cifratura di sicurezza e in ossequio di quanto previsto dalla vigente disciplina in materia di tutela dei dati personali.<\/p><p><strong>5) Modalit\u00e0 e tempi della consegna<\/strong><\/p><p>I prodotti verranno consegnati a mezzo corriere.<\/p><p>I tempi di consegna dei prodotti vengono riportati nel sito web del Fornitore e potranno variare a seconda del luogo di destinazione dei prodotti. Con la compilazione dell\u2019ordine di acquisto, e comunque prima che la procedura di acquisto venga completata, il Cliente avr\u00e0 modo di verificarli.<\/p><p>Peraltro, qualora il Fornitore non sia in grado di effettuare la consegna nel termine indicato all\u2019atto dell\u2019acquisto, dar\u00e0 comunque tempestivo avviso al Cliente, tramite e-mail all\u2019indirizzo da questo indicato all\u2019atto della registrazione dei suoi dati personali. In ogni caso, i tempi di consegna non saranno superiori a 30 (trenta) giorni decorrenti dal perfezionamento della procedura di acquisto.<\/p><p><strong>6) Diritto di recesso e modalit\u00e0 di rimborso<\/strong><\/p><p>Il Cliente avr\u00e0 diritto di recedere dagli impegni di acquisto, senza alcuna penalit\u00e0 e senza obbligo di specificarne il motivo, entro il termine di 14 (quattordici) giorni dalla data di ricevimento del prodotto acquistato.<\/p><p>Nel caso il Cliente decida di avvalersi del diritto di recesso, deve darne comunicazione al Fornitore, entro il predetto termine, utilizzando il \u201cModulo di Recesso\u201d * che trover\u00e0 alla fine di questa pagina web, e quindi inviandolo secondo la procedura on line ivi prevista, oppure mediante comunicazione scritta da trasmettere all\u2019indirizzo di posta elettronica info@ghisanativa.com e ordini@ghisanativa.com ovvero via fax al n. 049\/552630.<\/p><p>In ogni caso, senza ritardo, il fornitore confermer\u00e0 l\u2019avvenuta ricezione della comunicazione di recesso del Cliente, inviando a questo apposita e-mail.<\/p><p>Il Cliente \u00e8 tenuto a riconsegnare i prodotti al pi\u00f9 tardi entro 14 (quattordici) giorni dalla data in cui ha comunicato al Fornitore la sua decisione di recedere. La riconsegna dovr\u00e0 avvenire a mezzo corriere<strong>. <\/strong>Le sole spese dovute dal Cliente per l\u2019esercizio del diritto di recesso sono le spese dirette alla restituzione dei prodotti al Fornitore.<\/p><p>In ogni caso, per aversi diritto al rimborso pieno del prezzo pagato, il Cliente \u00e8 tenuto a restituire i prodotti senza averli utilizzati, in stato integro di conservazione e con etichette originali non rimosse e nella sua confezione originale.<\/p><p>Il Cliente \u00e8 comunque responsabile della diminuzione di valore dei beni acquistati risultante da una manipolazione diversa da quella necessaria per stabilire la natura, le caratteristiche e il funzionamento dei prodotti ecc.<\/p><p>Ci riserviamo il diritto di visionare l\u2019integrit\u00e0 del prodotto reso prima di evadere il rimborso.<\/p><p>Il fornitore, una volta ricevuta la merce e verificatane l\u2019integrit\u00e0, provveder\u00e0 al rimborso dell\u2019intero importo versato dal Cliente entro il termine di 14 (quattordici) giorni dal ricevimento della comunicazione di recesso. Il rimborso verr\u00e0 accreditato mediante una delle modalit\u00e0 proposte dal Fornitore per il pagamento del prezzo e quindi scelta dal Cliente all\u2019atto dell\u2019acquisto.<\/p><p><strong>7) Garanzie e modalit\u00e0 di assistenza<\/strong><\/p><p>Ai sensi degli artt. 128 e ss. del d.lgs. 6 settembre 2005, n.206 (Codice del Consumo), il Fornitore risponde verso il consumatore per ogni eventuale anomalia di produzione che il cliente verifichi al momento della consegna del prodotto. Il prodotto \u00e8 accompagnato da numero di serie del prodotto e libretto di istruzioni e avvertenze d\u2019uso e manutenzione.<\/p><p>Per le pentole la garanzia ha una durata a vita e per i fornelloni la garanzia \u00e8 di 26 mesi dalla consegna.<\/p><p>Sono causa di decadenza dalla garanzia: l\u2019uso improprio o l\u2019abuso del prodotto; i danneggiamenti volontariamente inferti; le alterazioni e le decolorazioni dovute alla normale usura; gli effetti di cadute e colpi; le conseguenze tutte del mal uso come abrasioni, macchie e corrosioni; gli esiti dell\u2019impiego di acidi, solventi o agenti aggressivi per la pulizia; i danneggiamenti dovuti a campi elettromagnetici intensi e prolungati.<\/p><p>Il cliente decade da ogni diritto qualora non denunci al fornitore il difetto di conformit\u00e0 entro il termine di 2 (due) mesi dalla data in cui il difetto \u00e8 stato scoperto. La denuncia non \u00e8 necessaria se il fornitore ha riconosciuto l\u2019esistenza del difetto o lo ha occultato.<\/p><p>In ogni caso, salvo prova contraria, si presume che i difetti di conformit\u00e0 che si manifestano entro 6 (sei) mesi dalla consegna del prodotto esistessero gi\u00e0 a tale data, a meno che tale ipotesi sia incompatibile con la natura del prodotto o con la natura del difetto di conformit\u00e0.<\/p><p>Per usufruire della garanzia legale \u00e8 necessario fornire prova della data di acquisto del prodotto e della sua consegna.<\/p><p>In caso di difetto di conformit\u00e0, il cliente potr\u00e0 chiedere, alternativamente e senza spese, alle condizioni di seguito indicate, la riparazione o la sostituzione del prodotto acquistato, una riduzione del prezzo di acquisto o la risoluzione del presente contratto, a meno che la richiesta non risulti oggettivamente impossibile da soddisfare ovvero risulti per il Fornitore eccessivamente onerosa ai sensi dell\u2019art. 130, comma 4, del Codice del Consumo.<\/p><p>La richiesta dovr\u00e0 essere fatta pervenire in forma scritta via e-mail, al Fornitore, il quale indicher\u00e0 la propria disponibilit\u00e0 a dar corso alla richiesta, ovvero le ragioni che gli impediscono di farlo, entro 7 (sette) giorni lavorativi dal ricevimento. Nella stessa comunicazione, ove il fornitore abbia accettato la richiesta del cliente, dovr\u00e0 indicare le modalit\u00e0 di spedizione o restituzione del prodotto nonch\u00e9 il termine previsto per la restituzione o la sostituzione del prodotto difettoso.<\/p><p>Qualora la riparazione e la sostituzione siano impossibili o eccessivamente onerose, o il fornitore non abbia provveduto alla riparazione o alla sostituzione del prodotto entro il termine di cui sopra o, infine, la sostituzione o la riparazione precedentemente effettuata abbiano arrecato notevoli inconvenienti al cliente, questi potr\u00e0 chiedere, a sua scelta, una congrua riduzione del prezzo o la risoluzione del contratto. Il cliente dovr\u00e0 in tal caso far pervenire la propria richiesta al fornitore, il quale indicher\u00e0 la propria disponibilit\u00e0 a dar corso alla stessa, ovvero le ragioni che gli impediscono di farlo, entro sette giorni lavorativi dal ricevimento.<\/p><p>Nella stessa comunicazione, ove il fornitore abbia accettato la richiesta del cliente, dovr\u00e0 indicare la riduzione del prezzo proposta ovvero le modalit\u00e0 di restituzione del prodotto difettoso. Sar\u00e0 in tali casi onere del cliente indicare le modalit\u00e0 per il riaccredito delle somme precedentemente pagate al fornitore.<\/p><p><strong>8) Comunicazioni e reclami<\/strong><\/p><p>Le comunicazioni scritte dirette al Fornitore e gli eventuali reclami saranno ritenute valide unicamente ove inviate al seguente indirizzo: Via Palladio 6 Marsango (PD) 35010, oppure trasmesse via fax al numero 049\/552630, ovvero inviate tramite e-mail al seguente indirizzo di posta elettronica info@ghisanativa.com e ordini@ghisanativa.com.<\/p><p><strong>9) Altre informazioni<\/strong><\/p><p>Per la composizione di eventuali controversie si rimanda all\u2019art. 15 delle \u201ccondizioni generali di vendita on line www.ghisanativa.com\u201d<\/p><p><strong>10) Conclusione del contratto<\/strong><\/p><p>Per quanto attiene alla modalit\u00e0 e termini di conclusione della procedura di acquisto on line si rimanda all\u2019art. 3 delle \u201ccondizioni generali di vendita on line www.ghisanativa.com\u201d.<\/p><p><strong>11) Disponibilit\u00e0 dei prodotti<\/strong><\/p><p>I prodotti offerti dal Fornitore sono soggetti alle condizioni di disponibilit\u00e0 di cui all\u2019art. 5 delle \u201ccondizioni generali di vendita on line www.ghisanativa.com\u201d.<\/p><p><strong>Modulo di recesso<\/strong> per contratti a distanza o negoziati fuori dei locali commerciali ai sensi dell\u2019art. 49, comma 1, lett. h) del Codice del Consumo<\/p><p>Il modulo pu\u00f2 essere spedito via e-mail, fax o raccomandata a\/r. Gli indirizzi sono riportati in home page e in questa pagina web<\/p><p><a href=\"https:\/\/www.ghisanativa.com\/wp-content\/uploads\/2021\/03\/Modulo-di-recesso_22032021.docx\">SCARICA MODULO DI RECESSO<\/a><\/p>","protected":false},"excerpt":{"rendered":"<p>Informazioni Precontrattuali ai sensi dell\u2019art. 49 del D.lgs. 6 settembre 2005, n. 206 \u2013 Codice del consumo Le informazioni precontrattuali di seguito riportate costituiscono anche parte integrante delle \u201ccondizioni generali di vendita on line www.ghisanativa.com\u201d; esse non potranno essere modificate se non a seguito di ulteriore espresso accordo con il Cliente. 1) Identificazione del Fornitore [&hellip;]<\/p>\n","protected":false},"author":1,"featured_media":0,"parent":0,"menu_order":0,"comment_status":"closed","ping_status":"closed","template":"","meta":{"_acf_changed":false,"footnotes":""},"class_list":["post-69","page","type-page","status-publish","hentry"],"acf":[],"yoast_head":"<!-- This site is optimized with the Yoast SEO plugin v24.0 - https:\/\/yoast.com\/wordpress\/plugins\/seo\/ -->\n<title>Informazioni precontrattuali - Ghisanativa<\/title>\n<meta name=\"robots\" content=\"index, follow, max-snippet:-1, max-image-preview:large, max-video-preview:-1\" \/>\n<link rel=\"canonical\" href=\"https:\/\/www.ghisanativa.com\/it\/informazioni-precontrattuali\/\" \/>\n<meta property=\"og:locale\" content=\"it_IT\" \/>\n<meta property=\"og:type\" content=\"article\" \/>\n<meta property=\"og:title\" content=\"Informazioni precontrattuali - Ghisanativa\" \/>\n<meta property=\"og:description\" content=\"Informazioni Precontrattuali ai sensi dell\u2019art. 49 del D.lgs. 6 settembre 2005, n. 206 \u2013 Codice del consumo Le informazioni precontrattuali di seguito riportate costituiscono anche parte integrante delle \u201ccondizioni generali di vendita on line www.ghisanativa.com\u201d; esse non potranno essere modificate se non a seguito di ulteriore espresso accordo con il Cliente. 1) Identificazione del Fornitore [&hellip;]\" \/>\n<meta property=\"og:url\" content=\"https:\/\/www.ghisanativa.com\/it\/informazioni-precontrattuali\/\" \/>\n<meta property=\"og:site_name\" content=\"Ghisanativa\" \/>\n<meta property=\"article:modified_time\" content=\"2022-10-26T06:50:28+00:00\" \/>\n<meta name=\"twitter:card\" content=\"summary_large_image\" \/>\n<meta name=\"twitter:label1\" content=\"Tempo di lettura stimato\" \/>\n\t<meta name=\"twitter:data1\" content=\"7 minuti\" \/>\n<script type=\"application\/ld+json\" class=\"yoast-schema-graph\">{\"@context\":\"https:\/\/schema.org\",\"@graph\":[{\"@type\":\"WebPage\",\"@id\":\"https:\/\/www.ghisanativa.com\/it\/informazioni-precontrattuali\/\",\"url\":\"https:\/\/www.ghisanativa.com\/it\/informazioni-precontrattuali\/\",\"name\":\"Informazioni precontrattuali - Ghisanativa\",\"isPartOf\":{\"@id\":\"https:\/\/www.ghisanativa.com\/it\/#website\"},\"datePublished\":\"2020-08-12T06:44:41+00:00\",\"dateModified\":\"2022-10-26T06:50:28+00:00\",\"breadcrumb\":{\"@id\":\"https:\/\/www.ghisanativa.com\/it\/informazioni-precontrattuali\/#breadcrumb\"},\"inLanguage\":\"it-IT\",\"potentialAction\":[{\"@type\":\"ReadAction\",\"target\":[\"https:\/\/www.ghisanativa.com\/it\/informazioni-precontrattuali\/\"]}]},{\"@type\":\"BreadcrumbList\",\"@id\":\"https:\/\/www.ghisanativa.com\/it\/informazioni-precontrattuali\/#breadcrumb\",\"itemListElement\":[{\"@type\":\"ListItem\",\"position\":1,\"name\":\"Ghisanativa\",\"item\":\"https:\/\/www.ghisanativa.com\/it\/\"},{\"@type\":\"ListItem\",\"position\":2,\"name\":\"Informazioni precontrattuali\"}]},{\"@type\":\"WebSite\",\"@id\":\"https:\/\/www.ghisanativa.com\/it\/#website\",\"url\":\"https:\/\/www.ghisanativa.com\/it\/\",\"name\":\"Ghisanativa\",\"description\":\"Pentole, piastre, griglie e bruciatori in ghisa nuda antiaderenti\",\"publisher\":{\"@id\":\"https:\/\/www.ghisanativa.com\/it\/#organization\"},\"potentialAction\":[{\"@type\":\"SearchAction\",\"target\":{\"@type\":\"EntryPoint\",\"urlTemplate\":\"https:\/\/www.ghisanativa.com\/it\/?s={search_term_string}\"},\"query-input\":{\"@type\":\"PropertyValueSpecification\",\"valueRequired\":true,\"valueName\":\"search_term_string\"}}],\"inLanguage\":\"it-IT\"},{\"@type\":\"Organization\",\"@id\":\"https:\/\/www.ghisanativa.com\/it\/#organization\",\"name\":\"Fonderia Finco\",\"url\":\"https:\/\/www.ghisanativa.com\/it\/\",\"logo\":{\"@type\":\"ImageObject\",\"inLanguage\":\"it-IT\",\"@id\":\"https:\/\/www.ghisanativa.com\/it\/#\/schema\/logo\/image\/\",\"url\":\"https:\/\/www.ghisanativa.com\/wp-content\/uploads\/2020\/08\/fonderia-finco.png\",\"contentUrl\":\"https:\/\/www.ghisanativa.com\/wp-content\/uploads\/2020\/08\/fonderia-finco.png\",\"width\":143,\"height\":46,\"caption\":\"Fonderia Finco\"},\"image\":{\"@id\":\"https:\/\/www.ghisanativa.com\/it\/#\/schema\/logo\/image\/\"}}]}<\/script>\n<!-- \/ Yoast SEO plugin. -->","yoast_head_json":{"title":"Informazioni precontrattuali - Ghisanativa","robots":{"index":"index","follow":"follow","max-snippet":"max-snippet:-1","max-image-preview":"max-image-preview:large","max-video-preview":"max-video-preview:-1"},"canonical":"https:\/\/www.ghisanativa.com\/it\/informazioni-precontrattuali\/","og_locale":"it_IT","og_type":"article","og_title":"Informazioni precontrattuali - Ghisanativa","og_description":"Informazioni Precontrattuali ai sensi dell\u2019art. 49 del D.lgs. 6 settembre 2005, n. 206 \u2013 Codice del consumo Le informazioni precontrattuali di seguito riportate costituiscono anche parte integrante delle \u201ccondizioni generali di vendita on line www.ghisanativa.com\u201d; esse non potranno essere modificate se non a seguito di ulteriore espresso accordo con il Cliente. 1) Identificazione del Fornitore [&hellip;]","og_url":"https:\/\/www.ghisanativa.com\/it\/informazioni-precontrattuali\/","og_site_name":"Ghisanativa","article_modified_time":"2022-10-26T06:50:28+00:00","twitter_card":"summary_large_image","twitter_misc":{"Tempo di lettura stimato":"7 minuti"},"schema":{"@context":"https:\/\/schema.org","@graph":[{"@type":"WebPage","@id":"https:\/\/www.ghisanativa.com\/it\/informazioni-precontrattuali\/","url":"https:\/\/www.ghisanativa.com\/it\/informazioni-precontrattuali\/","name":"Informazioni precontrattuali - Ghisanativa","isPartOf":{"@id":"https:\/\/www.ghisanativa.com\/it\/#website"},"datePublished":"2020-08-12T06:44:41+00:00","dateModified":"2022-10-26T06:50:28+00:00","breadcrumb":{"@id":"https:\/\/www.ghisanativa.com\/it\/informazioni-precontrattuali\/#breadcrumb"},"inLanguage":"it-IT","potentialAction":[{"@type":"ReadAction","target":["https:\/\/www.ghisanativa.com\/it\/informazioni-precontrattuali\/"]}]},{"@type":"BreadcrumbList","@id":"https:\/\/www.ghisanativa.com\/it\/informazioni-precontrattuali\/#breadcrumb","itemListElement":[{"@type":"ListItem","position":1,"name":"Ghisanativa","item":"https:\/\/www.ghisanativa.com\/it\/"},{"@type":"ListItem","position":2,"name":"Informazioni precontrattuali"}]},{"@type":"WebSite","@id":"https:\/\/www.ghisanativa.com\/it\/#website","url":"https:\/\/www.ghisanativa.com\/it\/","name":"Ghisanativa","description":"Pentole, piastre, griglie e bruciatori in ghisa nuda antiaderenti","publisher":{"@id":"https:\/\/www.ghisanativa.com\/it\/#organization"},"potentialAction":[{"@type":"SearchAction","target":{"@type":"EntryPoint","urlTemplate":"https:\/\/www.ghisanativa.com\/it\/?s={search_term_string}"},"query-input":{"@type":"PropertyValueSpecification","valueRequired":true,"valueName":"search_term_string"}}],"inLanguage":"it-IT"},{"@type":"Organization","@id":"https:\/\/www.ghisanativa.com\/it\/#organization","name":"Fonderia Finco","url":"https:\/\/www.ghisanativa.com\/it\/","logo":{"@type":"ImageObject","inLanguage":"it-IT","@id":"https:\/\/www.ghisanativa.com\/it\/#\/schema\/logo\/image\/","url":"https:\/\/www.ghisanativa.com\/wp-content\/uploads\/2020\/08\/fonderia-finco.png","contentUrl":"https:\/\/www.ghisanativa.com\/wp-content\/uploads\/2020\/08\/fonderia-finco.png","width":143,"height":46,"caption":"Fonderia Finco"},"image":{"@id":"https:\/\/www.ghisanativa.com\/it\/#\/schema\/logo\/image\/"}}]}},"_links":{"self":[{"href":"https:\/\/www.ghisanativa.com\/it\/wp-json\/wp\/v2\/pages\/69","targetHints":{"allow":["GET"]}}],"collection":[{"href":"https:\/\/www.ghisanativa.com\/it\/wp-json\/wp\/v2\/pages"}],"about":[{"href":"https:\/\/www.ghisanativa.com\/it\/wp-json\/wp\/v2\/types\/page"}],"author":[{"embeddable":true,"href":"https:\/\/www.ghisanativa.com\/it\/wp-json\/wp\/v2\/users\/1"}],"replies":[{"embeddable":true,"href":"https:\/\/www.ghisanativa.com\/it\/wp-json\/wp\/v2\/comments?post=69"}],"version-history":[{"count":1,"href":"https:\/\/www.ghisanativa.com\/it\/wp-json\/wp\/v2\/pages\/69\/revisions"}],"predecessor-version":[{"id":10397,"href":"https:\/\/www.ghisanativa.com\/it\/wp-json\/wp\/v2\/pages\/69\/revisions\/10397"}],"wp:attachment":[{"href":"https:\/\/www.ghisanativa.com\/it\/wp-json\/wp\/v2\/media?parent=69"}],"curies":[{"name":"wp","href":"https:\/\/api.w.org\/{rel}","templated":true}]}}