{"id":59,"date":"2020-08-12T08:42:52","date_gmt":"2020-08-12T06:42:52","guid":{"rendered":"http:\/\/ghisa.kina.it\/?page_id=59"},"modified":"2020-10-13T09:08:23","modified_gmt":"2020-10-13T07:08:23","slug":"storia","status":"publish","type":"page","link":"https:\/\/www.ghisanativa.com\/it\/fonderia\/storia\/","title":{"rendered":"Storia"},"content":{"rendered":"\t\t<div data-elementor-type=\"wp-page\" data-elementor-id=\"59\" class=\"elementor elementor-59\" data-elementor-post-type=\"page\">\n\t\t\t\t\t\t<section class=\"elementor-section elementor-top-section elementor-element elementor-element-23ef7f26 elementor-section-full_width elementor-section-height-min-height elementor-section-stretched elementor-section-height-default elementor-section-items-middle\" data-id=\"23ef7f26\" data-element_type=\"section\" data-settings=\"{&quot;stretch_section&quot;:&quot;section-stretched&quot;,&quot;background_background&quot;:&quot;classic&quot;}\">\n\t\t\t\t\t\t<div class=\"elementor-container elementor-column-gap-default\">\n\t\t\t\t\t<div class=\"elementor-column elementor-col-100 elementor-top-column elementor-element elementor-element-7d242244\" data-id=\"7d242244\" data-element_type=\"column\">\n\t\t\t<div class=\"elementor-widget-wrap\">\n\t\t\t\t\t\t\t<\/div>\n\t\t<\/div>\n\t\t\t\t\t<\/div>\n\t\t<\/section>\n\t\t\t\t<section class=\"elementor-section elementor-top-section elementor-element elementor-element-1c2b865c elementor-section-stretched elementor-section-height-min-height elementor-section-boxed elementor-section-height-default elementor-section-items-middle\" data-id=\"1c2b865c\" data-element_type=\"section\" data-settings=\"{&quot;stretch_section&quot;:&quot;section-stretched&quot;,&quot;background_background&quot;:&quot;classic&quot;}\">\n\t\t\t\t\t\t<div class=\"elementor-container elementor-column-gap-default\">\n\t\t\t\t\t<div class=\"elementor-column elementor-col-100 elementor-top-column elementor-element elementor-element-53a6d60c\" data-id=\"53a6d60c\" data-element_type=\"column\">\n\t\t\t<div class=\"elementor-widget-wrap elementor-element-populated\">\n\t\t\t\t\t\t<div class=\"elementor-element elementor-element-761b0f33 elementor-widget elementor-widget-text-editor\" data-id=\"761b0f33\" data-element_type=\"widget\" data-widget_type=\"text-editor.default\">\n\t\t\t\t<div class=\"elementor-widget-container\">\n\t\t\t\t\t\t\t<h4><strong>LA STORIA<\/strong><\/h4>\t\t\t\t\t\t<\/div>\n\t\t\t\t<\/div>\n\t\t\t\t<div class=\"elementor-element elementor-element-28cb6bfc elementor-widget elementor-widget-text-editor\" data-id=\"28cb6bfc\" data-element_type=\"widget\" data-widget_type=\"text-editor.default\">\n\t\t\t\t<div class=\"elementor-widget-container\">\n\t\t\t\t\t\t\tLa fonderia Finco \u00e8 un\u2019impresa familiare che inizia la sua storia nel 1945. Per anni la Fonderia Finco ha dedicato la sua attivit\u00e0 alle fusioni in ghisa prima per cucine a legna come portine per stufe e caminetti ed altri componenti per il riscaldamento e poi per la ristorazione con la produzione di griglie, bruciatori e piastre di cottura in genere.\t\t\t\t\t\t<\/div>\n\t\t\t\t<\/div>\n\t\t\t\t\t<\/div>\n\t\t<\/div>\n\t\t\t\t\t<\/div>\n\t\t<\/section>\n\t\t\t\t<section class=\"elementor-section elementor-top-section elementor-element elementor-element-5d70ad72 elementor-section-height-min-height elementor-section-stretched elementor-section-boxed elementor-section-height-default elementor-section-items-middle\" data-id=\"5d70ad72\" data-element_type=\"section\" data-settings=\"{&quot;stretch_section&quot;:&quot;section-stretched&quot;,&quot;background_background&quot;:&quot;gradient&quot;}\">\n\t\t\t\t\t\t<div class=\"elementor-container elementor-column-gap-default\">\n\t\t\t\t\t<div class=\"elementor-column elementor-col-50 elementor-top-column elementor-element elementor-element-7b16cfe2\" data-id=\"7b16cfe2\" data-element_type=\"column\">\n\t\t\t<div class=\"elementor-widget-wrap elementor-element-populated\">\n\t\t\t\t\t\t<div class=\"elementor-element elementor-element-62d78ac5 elementor-widget elementor-widget-image\" data-id=\"62d78ac5\" data-element_type=\"widget\" data-widget_type=\"image.default\">\n\t\t\t\t<div class=\"elementor-widget-container\">\n\t\t\t\t\t\t\t\t\t\t\t\t\t<img fetchpriority=\"high\" decoding=\"async\" width=\"1024\" height=\"1024\" src=\"https:\/\/www.ghisanativa.com\/wp-content\/uploads\/2020\/09\/ghisanativa-materie-prime-02-1024x1024.jpg\" class=\"attachment-large size-large wp-image-1642\" alt=\"\" srcset=\"https:\/\/www.ghisanativa.com\/wp-content\/uploads\/2020\/09\/ghisanativa-materie-prime-02-1024x1024.jpg 1024w, https:\/\/www.ghisanativa.com\/wp-content\/uploads\/2020\/09\/ghisanativa-materie-prime-02-300x300.jpg 300w, https:\/\/www.ghisanativa.com\/wp-content\/uploads\/2020\/09\/ghisanativa-materie-prime-02-150x150.jpg 150w, https:\/\/www.ghisanativa.com\/wp-content\/uploads\/2020\/09\/ghisanativa-materie-prime-02-768x768.jpg 768w, https:\/\/www.ghisanativa.com\/wp-content\/uploads\/2020\/09\/ghisanativa-materie-prime-02-1536x1536.jpg 1536w, https:\/\/www.ghisanativa.com\/wp-content\/uploads\/2020\/09\/ghisanativa-materie-prime-02-600x600.jpg 600w, https:\/\/www.ghisanativa.com\/wp-content\/uploads\/2020\/09\/ghisanativa-materie-prime-02-100x100.jpg 100w, https:\/\/www.ghisanativa.com\/wp-content\/uploads\/2020\/09\/ghisanativa-materie-prime-02.jpg 1550w\" sizes=\"(max-width: 1024px) 100vw, 1024px\" \/>\t\t\t\t\t\t\t\t\t\t\t\t\t<\/div>\n\t\t\t\t<\/div>\n\t\t\t\t\t<\/div>\n\t\t<\/div>\n\t\t\t\t<div class=\"elementor-column elementor-col-50 elementor-top-column elementor-element elementor-element-f15087c\" data-id=\"f15087c\" data-element_type=\"column\">\n\t\t\t<div class=\"elementor-widget-wrap elementor-element-populated\">\n\t\t\t\t\t\t<div class=\"elementor-element elementor-element-49685e7 elementor-widget elementor-widget-text-editor\" data-id=\"49685e7\" data-element_type=\"widget\" data-widget_type=\"text-editor.default\">\n\t\t\t\t<div class=\"elementor-widget-container\">\n\t\t\t\t\t\t\tLo spirito imprenditoriale, la passione e il coraggio di Mauro Finco, della famiglia e del suo gruppo hanno portato alla creazione pi\u00f9 recente di una innovativa linea di strumenti di cottura pensati sia per i professionisti della ristorazione sia per gli amanti di una cucina responsabile e salutare.\nQuesti strumenti di cottura si chiamano Ghisanativa, un termine che sottolinea la purezza del metallo e evidenzia il ritorno alle origini di questa gloriosa lega. <BR><BR>\nOgni prodotto Ghisanativa \u00e8 fatto interamente in Italia nello stabilimento di Campo S. Martino (PD) ed \u00e8 il frutto di una lunga e scrupolosa attivit\u00e0 di ricerca sui materiali, sulle tecnologie, sull\u2019ambiente e perfino sulla storia della ghisa.\n\t\t\t\t\t\t<\/div>\n\t\t\t\t<\/div>\n\t\t\t\t\t<\/div>\n\t\t<\/div>\n\t\t\t\t\t<\/div>\n\t\t<\/section>\n\t\t\t\t<\/div>\n\t\t","protected":false},"excerpt":{"rendered":"<p>LA STORIA La fonderia Finco \u00e8 un\u2019impresa familiare che inizia la sua storia nel 1945. Per anni la Fonderia Finco ha dedicato la sua attivit\u00e0 alle fusioni in ghisa prima per cucine a legna come portine per stufe e caminetti ed altri componenti per il riscaldamento e poi per la ristorazione con la produzione di [&hellip;]<\/p>\n","protected":false},"author":1,"featured_media":0,"parent":53,"menu_order":0,"comment_status":"closed","ping_status":"closed","template":"","meta":{"_acf_changed":false,"footnotes":""},"class_list":["post-59","page","type-page","status-publish","hentry"],"acf":[],"yoast_head":"<!-- This site is optimized with the Yoast SEO plugin v24.0 - https:\/\/yoast.com\/wordpress\/plugins\/seo\/ -->\n<title>Storia - Ghisanativa<\/title>\n<meta name=\"robots\" content=\"index, follow, max-snippet:-1, max-image-preview:large, max-video-preview:-1\" \/>\n<link rel=\"canonical\" href=\"https:\/\/www.ghisanativa.com\/it\/fonderia\/storia\/\" \/>\n<meta property=\"og:locale\" content=\"it_IT\" \/>\n<meta property=\"og:type\" content=\"article\" \/>\n<meta property=\"og:title\" content=\"Storia - Ghisanativa\" \/>\n<meta property=\"og:description\" content=\"LA STORIA La fonderia Finco \u00e8 un\u2019impresa familiare che inizia la sua storia nel 1945. Per anni la Fonderia Finco ha dedicato la sua attivit\u00e0 alle fusioni in ghisa prima per cucine a legna come portine per stufe e caminetti ed altri componenti per il riscaldamento e poi per la ristorazione con la produzione di [&hellip;]\" \/>\n<meta property=\"og:url\" content=\"https:\/\/www.ghisanativa.com\/it\/fonderia\/storia\/\" \/>\n<meta property=\"og:site_name\" content=\"Ghisanativa\" \/>\n<meta property=\"article:modified_time\" content=\"2020-10-13T07:08:23+00:00\" \/>\n<meta property=\"og:image\" content=\"https:\/\/www.ghisanativa.com\/wp-content\/uploads\/2020\/09\/ghisanativa-materie-prime-02-1024x1024.jpg\" \/>\n<meta name=\"twitter:card\" content=\"summary_large_image\" \/>\n<meta name=\"twitter:label1\" content=\"Tempo di lettura stimato\" \/>\n\t<meta name=\"twitter:data1\" content=\"1 minuto\" \/>\n<script type=\"application\/ld+json\" class=\"yoast-schema-graph\">{\"@context\":\"https:\/\/schema.org\",\"@graph\":[{\"@type\":\"WebPage\",\"@id\":\"https:\/\/www.ghisanativa.com\/it\/fonderia\/storia\/\",\"url\":\"https:\/\/www.ghisanativa.com\/it\/fonderia\/storia\/\",\"name\":\"Storia - Ghisanativa\",\"isPartOf\":{\"@id\":\"https:\/\/www.ghisanativa.com\/it\/#website\"},\"primaryImageOfPage\":{\"@id\":\"https:\/\/www.ghisanativa.com\/it\/fonderia\/storia\/#primaryimage\"},\"image\":{\"@id\":\"https:\/\/www.ghisanativa.com\/it\/fonderia\/storia\/#primaryimage\"},\"thumbnailUrl\":\"https:\/\/www.ghisanativa.com\/wp-content\/uploads\/2020\/09\/ghisanativa-materie-prime-02-1024x1024.jpg\",\"datePublished\":\"2020-08-12T06:42:52+00:00\",\"dateModified\":\"2020-10-13T07:08:23+00:00\",\"breadcrumb\":{\"@id\":\"https:\/\/www.ghisanativa.com\/it\/fonderia\/storia\/#breadcrumb\"},\"inLanguage\":\"it-IT\",\"potentialAction\":[{\"@type\":\"ReadAction\",\"target\":[\"https:\/\/www.ghisanativa.com\/it\/fonderia\/storia\/\"]}]},{\"@type\":\"ImageObject\",\"inLanguage\":\"it-IT\",\"@id\":\"https:\/\/www.ghisanativa.com\/it\/fonderia\/storia\/#primaryimage\",\"url\":\"https:\/\/www.ghisanativa.com\/wp-content\/uploads\/2020\/09\/ghisanativa-materie-prime-02-1024x1024.jpg\",\"contentUrl\":\"https:\/\/www.ghisanativa.com\/wp-content\/uploads\/2020\/09\/ghisanativa-materie-prime-02-1024x1024.jpg\"},{\"@type\":\"BreadcrumbList\",\"@id\":\"https:\/\/www.ghisanativa.com\/it\/fonderia\/storia\/#breadcrumb\",\"itemListElement\":[{\"@type\":\"ListItem\",\"position\":1,\"name\":\"Ghisanativa\",\"item\":\"https:\/\/www.ghisanativa.com\/it\/\"},{\"@type\":\"ListItem\",\"position\":2,\"name\":\"Fonderia\",\"item\":\"https:\/\/www.ghisanativa.com\/it\/fonderia\/\"},{\"@type\":\"ListItem\",\"position\":3,\"name\":\"Storia\"}]},{\"@type\":\"WebSite\",\"@id\":\"https:\/\/www.ghisanativa.com\/it\/#website\",\"url\":\"https:\/\/www.ghisanativa.com\/it\/\",\"name\":\"Ghisanativa\",\"description\":\"Pentole, piastre, griglie e bruciatori in ghisa nuda antiaderenti\",\"publisher\":{\"@id\":\"https:\/\/www.ghisanativa.com\/it\/#organization\"},\"potentialAction\":[{\"@type\":\"SearchAction\",\"target\":{\"@type\":\"EntryPoint\",\"urlTemplate\":\"https:\/\/www.ghisanativa.com\/it\/?s={search_term_string}\"},\"query-input\":{\"@type\":\"PropertyValueSpecification\",\"valueRequired\":true,\"valueName\":\"search_term_string\"}}],\"inLanguage\":\"it-IT\"},{\"@type\":\"Organization\",\"@id\":\"https:\/\/www.ghisanativa.com\/it\/#organization\",\"name\":\"Fonderia Finco\",\"url\":\"https:\/\/www.ghisanativa.com\/it\/\",\"logo\":{\"@type\":\"ImageObject\",\"inLanguage\":\"it-IT\",\"@id\":\"https:\/\/www.ghisanativa.com\/it\/#\/schema\/logo\/image\/\",\"url\":\"https:\/\/www.ghisanativa.com\/wp-content\/uploads\/2020\/08\/fonderia-finco.png\",\"contentUrl\":\"https:\/\/www.ghisanativa.com\/wp-content\/uploads\/2020\/08\/fonderia-finco.png\",\"width\":143,\"height\":46,\"caption\":\"Fonderia Finco\"},\"image\":{\"@id\":\"https:\/\/www.ghisanativa.com\/it\/#\/schema\/logo\/image\/\"}}]}<\/script>\n<!-- \/ Yoast SEO plugin. -->","yoast_head_json":{"title":"Storia - Ghisanativa","robots":{"index":"index","follow":"follow","max-snippet":"max-snippet:-1","max-image-preview":"max-image-preview:large","max-video-preview":"max-video-preview:-1"},"canonical":"https:\/\/www.ghisanativa.com\/it\/fonderia\/storia\/","og_locale":"it_IT","og_type":"article","og_title":"Storia - Ghisanativa","og_description":"LA STORIA La fonderia Finco \u00e8 un\u2019impresa familiare che inizia la sua storia nel 1945. Per anni la Fonderia Finco ha dedicato la sua attivit\u00e0 alle fusioni in ghisa prima per cucine a legna come portine per stufe e caminetti ed altri componenti per il riscaldamento e poi per la ristorazione con la produzione di [&hellip;]","og_url":"https:\/\/www.ghisanativa.com\/it\/fonderia\/storia\/","og_site_name":"Ghisanativa","article_modified_time":"2020-10-13T07:08:23+00:00","og_image":[{"url":"https:\/\/www.ghisanativa.com\/wp-content\/uploads\/2020\/09\/ghisanativa-materie-prime-02-1024x1024.jpg","type":"","width":"","height":""}],"twitter_card":"summary_large_image","twitter_misc":{"Tempo di lettura stimato":"1 minuto"},"schema":{"@context":"https:\/\/schema.org","@graph":[{"@type":"WebPage","@id":"https:\/\/www.ghisanativa.com\/it\/fonderia\/storia\/","url":"https:\/\/www.ghisanativa.com\/it\/fonderia\/storia\/","name":"Storia - Ghisanativa","isPartOf":{"@id":"https:\/\/www.ghisanativa.com\/it\/#website"},"primaryImageOfPage":{"@id":"https:\/\/www.ghisanativa.com\/it\/fonderia\/storia\/#primaryimage"},"image":{"@id":"https:\/\/www.ghisanativa.com\/it\/fonderia\/storia\/#primaryimage"},"thumbnailUrl":"https:\/\/www.ghisanativa.com\/wp-content\/uploads\/2020\/09\/ghisanativa-materie-prime-02-1024x1024.jpg","datePublished":"2020-08-12T06:42:52+00:00","dateModified":"2020-10-13T07:08:23+00:00","breadcrumb":{"@id":"https:\/\/www.ghisanativa.com\/it\/fonderia\/storia\/#breadcrumb"},"inLanguage":"it-IT","potentialAction":[{"@type":"ReadAction","target":["https:\/\/www.ghisanativa.com\/it\/fonderia\/storia\/"]}]},{"@type":"ImageObject","inLanguage":"it-IT","@id":"https:\/\/www.ghisanativa.com\/it\/fonderia\/storia\/#primaryimage","url":"https:\/\/www.ghisanativa.com\/wp-content\/uploads\/2020\/09\/ghisanativa-materie-prime-02-1024x1024.jpg","contentUrl":"https:\/\/www.ghisanativa.com\/wp-content\/uploads\/2020\/09\/ghisanativa-materie-prime-02-1024x1024.jpg"},{"@type":"BreadcrumbList","@id":"https:\/\/www.ghisanativa.com\/it\/fonderia\/storia\/#breadcrumb","itemListElement":[{"@type":"ListItem","position":1,"name":"Ghisanativa","item":"https:\/\/www.ghisanativa.com\/it\/"},{"@type":"ListItem","position":2,"name":"Fonderia","item":"https:\/\/www.ghisanativa.com\/it\/fonderia\/"},{"@type":"ListItem","position":3,"name":"Storia"}]},{"@type":"WebSite","@id":"https:\/\/www.ghisanativa.com\/it\/#website","url":"https:\/\/www.ghisanativa.com\/it\/","name":"Ghisanativa","description":"Pentole, piastre, griglie e bruciatori in ghisa nuda antiaderenti","publisher":{"@id":"https:\/\/www.ghisanativa.com\/it\/#organization"},"potentialAction":[{"@type":"SearchAction","target":{"@type":"EntryPoint","urlTemplate":"https:\/\/www.ghisanativa.com\/it\/?s={search_term_string}"},"query-input":{"@type":"PropertyValueSpecification","valueRequired":true,"valueName":"search_term_string"}}],"inLanguage":"it-IT"},{"@type":"Organization","@id":"https:\/\/www.ghisanativa.com\/it\/#organization","name":"Fonderia Finco","url":"https:\/\/www.ghisanativa.com\/it\/","logo":{"@type":"ImageObject","inLanguage":"it-IT","@id":"https:\/\/www.ghisanativa.com\/it\/#\/schema\/logo\/image\/","url":"https:\/\/www.ghisanativa.com\/wp-content\/uploads\/2020\/08\/fonderia-finco.png","contentUrl":"https:\/\/www.ghisanativa.com\/wp-content\/uploads\/2020\/08\/fonderia-finco.png","width":143,"height":46,"caption":"Fonderia Finco"},"image":{"@id":"https:\/\/www.ghisanativa.com\/it\/#\/schema\/logo\/image\/"}}]}},"_links":{"self":[{"href":"https:\/\/www.ghisanativa.com\/it\/wp-json\/wp\/v2\/pages\/59","targetHints":{"allow":["GET"]}}],"collection":[{"href":"https:\/\/www.ghisanativa.com\/it\/wp-json\/wp\/v2\/pages"}],"about":[{"href":"https:\/\/www.ghisanativa.com\/it\/wp-json\/wp\/v2\/types\/page"}],"author":[{"embeddable":true,"href":"https:\/\/www.ghisanativa.com\/it\/wp-json\/wp\/v2\/users\/1"}],"replies":[{"embeddable":true,"href":"https:\/\/www.ghisanativa.com\/it\/wp-json\/wp\/v2\/comments?post=59"}],"version-history":[{"count":0,"href":"https:\/\/www.ghisanativa.com\/it\/wp-json\/wp\/v2\/pages\/59\/revisions"}],"up":[{"embeddable":true,"href":"https:\/\/www.ghisanativa.com\/it\/wp-json\/wp\/v2\/pages\/53"}],"wp:attachment":[{"href":"https:\/\/www.ghisanativa.com\/it\/wp-json\/wp\/v2\/media?parent=59"}],"curies":[{"name":"wp","href":"https:\/\/api.w.org\/{rel}","templated":true}]}}